{"id":319,"date":"2015-12-10T01:50:40","date_gmt":"2015-12-10T05:50:40","guid":{"rendered":"http:\/\/centroenergia.cl\/?page_id=319"},"modified":"2026-01-09T20:55:55","modified_gmt":"2026-01-10T00:55:55","slug":"portada-2","status":"publish","type":"page","link":"https:\/\/centroenergia.cl\/en\/","title":{"rendered":"Portada"},"content":{"rendered":"[vc_row center_row=&#8221;yes&#8221; css=&#8221;.vc_custom_1451425317654{background-color: #ffffff !important;}&#8221;][vc_column][vcex_spacing size=&#8221;20px&#8221;][vc_column_text]<span style=\"font-size: 16px; color: #000000;\">El Centro de Energ\u00eda, de la Facultad de Ciencias F\u00edsicas y Matem\u00e1ticas de la Universidad de Chile, nace en el a\u00f1o 2009 como una iniciativa acad\u00e9mica cuya misi\u00f3n es crear y liderar soluciones I+D en energ\u00eda, que asegure un desarrollo sostenible.<\/span>[\/vc_column_text][vc_row_inner gap=&#8221;30&#8243;][vc_column_inner width=&#8221;1\/4&#8243;][vc_column_text]<span style=\"font-size: 24px; color: #3b86b0; font-family: 'Open Sans';\"><strong>Contenidos<\/strong><\/span>[\/vc_column_text][vc_separator color=&#8221;turquoise&#8221; align=&#8221;align_left&#8221; style=&#8221;dotted&#8221; border_width=&#8221;2&#8243;][\/vc_column_inner][vc_column_inner width=&#8221;3\/4&#8243;][vc_column_text]<span style=\"font-size: 24px; color: #3b86b0; font-family: 'Open Sans';\"><strong>Destacados<\/strong><\/span>[\/vc_column_text][vc_separator color=&#8221;turquoise&#8221; align=&#8221;align_left&#8221; style=&#8221;dotted&#8221; border_width=&#8221;2&#8243;][\/vc_column_inner][\/vc_row_inner][vc_row_inner gap=&#8221;30&#8243;][vc_column_inner width=&#8221;1\/4&#8243;][vc_empty_space height=&#8221;15px&#8221;][vc_single_image image=&#8221;6400&#8243; onclick=&#8221;custom_link&#8221; img_hover=&#8221;opacity&#8221; link=&#8221;http:\/\/centroenergia.cl\/quienes-somos\/&#8221;][vc_single_image image=&#8221;6401&#8243; onclick=&#8221;custom_link&#8221; img_hover=&#8221;opacity&#8221; link=&#8221;https:\/\/centroenergia.cl\/seleccion-de-proyectos\/&#8221;][vc_single_image image=&#8221;6414&#8243; onclick=&#8221;custom_link&#8221; img_hover=&#8221;opacity&#8221; link=&#8221;https:\/\/centroenergia.cl\/estudios\/&#8221;][vc_single_image image=&#8221;6399&#8243; onclick=&#8221;custom_link&#8221; img_hover=&#8221;opacity&#8221; link=&#8221;https:\/\/centroenergia.cl\/category\/formacion-op\/&#8221;][\/vc_column_inner][vc_column_inner width=&#8221;2\/4&#8243;][vc_column_text]<span style=\"font-size: 21px; color: #339966; font-family: 'Open Sans';\"><strong>Proyectos:<\/strong><\/span>[\/vc_column_text][vc_empty_space height=&#8221;15px&#8221;][vcex_post_type_grid columns=&#8221;2&#8243; columns_gap=&#8221;30&#8243; columns_responsive=&#8221;true&#8221; equal_heights_grid=&#8221;true&#8221; posts_per_page=&#8221;2&#8243; overlay_style=&#8221;magnifying-hover&#8221; date=&#8221;false&#8221; read_more=&#8221;false&#8221; post_types=&#8221;seleccionados&#8221; img_width=&#8221;400&#8243; img_height=&#8221;300&#8243; content_heading_color=&#8221;#3b86b0&#8243;][\/vc_column_inner][vc_column_inner width=&#8221;1\/4&#8243;][vc_column_text]<span style=\"font-size: 21px; color: #f7a50c; font-family: 'Open Sans';\"><strong>Publicaci\u00f3n:<\/strong><\/span>[\/vc_column_text][vc_empty_space height=&#8221;15px&#8221;][vc_column_text]<a href=\"https:\/\/centroenergia.cl\/estudios\/\"><strong>&#8220;<b>An\u00e1lisis del rol del almacenamiento en el proceso de transici\u00f3n energ\u00e9tica de Chile y los factores que influyen en su desarrollo (2023)<\/b>&#8221; <\/strong><\/a>[\/vc_column_text][\/vc_column_inner][\/vc_row_inner][vc_row_inner gap=&#8221;30&#8243;][vc_column_inner][vc_column_text]<span style=\"font-size: 24px; color: #00b0ad; font-family: 'Open Sans';\"><strong>Noticias del Centro<\/strong><\/span>[\/vc_column_text][vc_separator color=&#8221;turquoise&#8221; align=&#8221;align_left&#8221; style=&#8221;dotted&#8221; border_width=&#8221;2&#8243;][vc_empty_space height=&#8221;15px&#8221;][vcex_blog_grid grid_style=&#8221;masonry&#8221; columns_gap=&#8221;10&#8243; equal_heights_grid=&#8221;true&#8221; overlay_style=&#8221;magnifying-hover&#8221; excerpt=&#8221;false&#8221; read_more=&#8221;false&#8221; content_css=&#8221;.vc_custom_1674232071501{background-color: #ffffff !important;}&#8221; entry_css=&#8221;.vc_custom_1674232071502{margin-bottom: 0px !important;}&#8221; exclude_categories=&#8221;70&#8243; img_width=&#8221;300&#8243; img_height=&#8221;200&#8243;][\/vc_column_inner][\/vc_row_inner][vc_btn title=&#8221;Ver todas las noticias&#8221; style=&#8221;flat&#8221; shape=&#8221;square&#8221; color=&#8221;peacoc&#8221; size=&#8221;xs&#8221; align=&#8221;right&#8221; link=&#8221;url:https%3A%2F%2Fcentroenergia.cl%2Fnoticias%2F&#8221; css=&#8221;.vc_custom_1678978899411{margin-top: -10px !important;}&#8221;][\/vc_column][\/vc_row][vc_row full_width=&#8221;stretch_row_content&#8221; parallax=&#8221;content-moving&#8221; css=&#8221;.vc_custom_1680653282846{margin-right: 150px !important;margin-left: 150px !important;}&#8221;][vc_column width=&#8221;1\/2&#8243;][vcex_spacing size=&#8221;20px&#8221;][vc_single_image image=&#8221;7140&#8243; onclick=&#8221;custom_link&#8221; link=&#8221;https:\/\/diplomadohidrogeno.cl\/&#8221;][\/vc_column][vc_column width=&#8221;1\/2&#8243;][vcex_spacing size=&#8221;20px&#8221;][vc_single_image image=&#8221;7141&#8243; onclick=&#8221;custom_link&#8221; img_link_target=&#8221;_blank&#8221; link=&#8221;https:\/\/diplomaregulacion.cl\/&#8221;][\/vc_column][\/vc_row][vc_row parallax=&#8221;content-moving&#8221; parallax_image=&#8221;526&#8243; center_row=&#8221;yes&#8221; column_spacing=&#8221;0px&#8221;][vc_column width=&#8221;1\/4&#8243; visibility=&#8221;hidden-phone&#8221; offset=&#8221;vc_hidden-lg vc_hidden-md vc_hidden-sm vc_hidden-xs&#8221;][vcex_spacing size=&#8221;90px&#8221;][vc_single_image image=&#8221;1953&#8243;][\/vc_column][vc_column width=&#8221;3\/4&#8243; offset=&#8221;vc_hidden-lg vc_hidden-md vc_hidden-sm vc_hidden-xs&#8221;][vcex_spacing size=&#8221;50px&#8221;][vc_row_inner css=&#8221;.vc_custom_1451422066309{margin-right: 0px !important;margin-left: 0px !important;}&#8221;][vc_column_inner width=&#8221;1\/3&#8243;][vc_single_image image=&#8221;1958&#8243; onclick=&#8221;custom_link&#8221; img_hover=&#8221;opacity&#8221; link=&#8221;http:\/\/centroenergia.cl\/seleccion-de-proyectos\/&#8221;][vc_separator color=&#8221;custom&#8221; style=&#8221;shadow&#8221; el_width=&#8221;50&#8243; css=&#8221;.vc_custom_1451421133091{margin-top: 10px !important;margin-bottom: 10px !important;}&#8221; accent_color=&#8221;#dbe5e7&#8243;][vcex_heading text=&#8221;Soluciones Tecnol\u00f3gicas&#8221; tag=&#8221;h3&#8243; font_weight=&#8221;semibold&#8221; text_align=&#8221;center&#8221; font_size=&#8221;13&#8243; color=&#8221;#ffffff&#8221; color_hover=&#8221;#f2fbfd&#8221; link=&#8221;title:%5B%3Aes%5DSoluciones%20Tecnol%C3%B3gicas%5B%3A%5D&#8221;][\/vc_column_inner][vc_column_inner width=&#8221;1\/3&#8243;][vc_single_image image=&#8221;1960&#8243; onclick=&#8221;custom_link&#8221; img_hover=&#8221;opacity&#8221; link=&#8221;http:\/\/centroenergia.cl\/seleccion-de-proyectos\/&#8221;][vc_separator color=&#8221;custom&#8221; style=&#8221;shadow&#8221; el_width=&#8221;50&#8243; css=&#8221;.vc_custom_1451421133091{margin-top: 10px !important;margin-bottom: 10px !important;}&#8221; accent_color=&#8221;#dbe5e7&#8243;][vcex_heading text=&#8221;Estudios&#8221; tag=&#8221;h3&#8243; font_weight=&#8221;semibold&#8221; text_align=&#8221;center&#8221; font_size=&#8221;13&#8243; color=&#8221;#ffffff&#8221; color_hover=&#8221;#f2fbfd&#8221; link=&#8221;title:%5B%3Aes%5DEstudios%5B%3A%5D&#8221;][\/vc_column_inner][vc_column_inner width=&#8221;1\/3&#8243;][vc_single_image image=&#8221;1962&#8243; onclick=&#8221;custom_link&#8221; img_hover=&#8221;opacity&#8221; link=&#8221;http:\/\/centroenergia.cl\/category\/formacion-op\/&#8221;][vc_separator color=&#8221;custom&#8221; style=&#8221;shadow&#8221; el_width=&#8221;50&#8243; css=&#8221;.vc_custom_1451421133091{margin-top: 10px !important;margin-bottom: 10px !important;}&#8221; accent_color=&#8221;#dbe5e7&#8243;][vcex_heading text=&#8221;Formaci\u00f3n&#8221; tag=&#8221;h3&#8243; font_weight=&#8221;semibold&#8221; text_align=&#8221;center&#8221; font_size=&#8221;13&#8243; color=&#8221;#ffffff&#8221; color_hover=&#8221;#f2fbfd&#8221; link=&#8221;title:%5B%3Aes%5DFormaci%C3%B3n%5B%3A%5D&#8221;][\/vc_column_inner][\/vc_row_inner][vcex_spacing size=&#8221;20px&#8221;][vcex_spacing size=&#8221;70px&#8221;][\/vc_column][\/vc_row]","protected":false},"excerpt":{"rendered":"<p>[vc_row center_row=&#8221;yes&#8221; css=&#8221;.vc_custom_1451425317654{background-color: #ffffff !important;}&#8221;][vc_column][vcex_spacing size=&#8221;20px&#8221;][vc_column_text]El Centro de Energ\u00eda, de la Facultad de Ciencias F\u00edsicas y Matem\u00e1ticas de la Universidad de Chile, nace en el a\u00f1o 2009 como una iniciativa acad\u00e9mica cuya misi\u00f3n es crear y liderar soluciones I+D en&hellip;<\/p>\n","protected":false},"author":2,"featured_media":0,"parent":0,"menu_order":0,"comment_status":"closed","ping_status":"closed","template":"","meta":[],"_links":{"self":[{"href":"https:\/\/centroenergia.cl\/en\/wp-json\/wp\/v2\/pages\/319"}],"collection":[{"href":"https:\/\/centroenergia.cl\/en\/wp-json\/wp\/v2\/pages"}],"about":[{"href":"https:\/\/centroenergia.cl\/en\/wp-json\/wp\/v2\/types\/page"}],"author":[{"embeddable":true,"href":"https:\/\/centroenergia.cl\/en\/wp-json\/wp\/v2\/users\/2"}],"replies":[{"embeddable":true,"href":"https:\/\/centroenergia.cl\/en\/wp-json\/wp\/v2\/comments?post=319"}],"version-history":[{"count":132,"href":"https:\/\/centroenergia.cl\/en\/wp-json\/wp\/v2\/pages\/319\/revisions"}],"predecessor-version":[{"id":7925,"href":"https:\/\/centroenergia.cl\/en\/wp-json\/wp\/v2\/pages\/319\/revisions\/7925"}],"wp:attachment":[{"href":"https:\/\/centroenergia.cl\/en\/wp-json\/wp\/v2\/media?parent=319"}],"curies":[{"name":"wp","href":"https:\/\/api.w.org\/{rel}","templated":true}]}}