{"id":4865,"date":"2021-04-22T21:48:29","date_gmt":"2021-04-23T01:48:29","guid":{"rendered":"http:\/\/centroenergia.cl\/?page_id=4865"},"modified":"2023-04-03T18:20:45","modified_gmt":"2023-04-03T22:20:45","slug":"diploma-de-postitulo-regulacion-del-sector-electrico","status":"publish","type":"page","link":"https:\/\/centroenergia.cl\/en\/diploma-de-postitulo-regulacion-del-sector-electrico\/","title":{"rendered":"(Espa\u00f1ol) Diploma de Post\u00edtulo Regulaci\u00f3n del Sector El\u00e9ctrico"},"content":{"rendered":"[vc_row full_width=&#8221;stretch_row&#8221; css=&#8221;.vc_custom_1618507570661{background-color: #dd9933 !important;}&#8221;][vc_column][vc_column_text]\n<h2 style=\"text-align: right;\"><span style=\"font-family: 'Open Sans'; color: #ffffff; font-size: 32px;\">Diploma de Post\u00edtulo<\/span><\/h2>\n<p style=\"text-align: right;\"><span style=\"font-size: 21px; color: #ffffff;\">Contenido solo en espa\u00f1ol<\/span><\/p>\n[\/vc_column_text][vc_empty_space][\/vc_column][\/vc_row][vc_row][vc_column width=&#8221;1\/2&#8243;][\/vc_column][vc_column width=&#8221;1\/2&#8243;][\/vc_column][\/vc_row]","protected":false},"excerpt":{"rendered":"<p>[vc_row full_width=&#8221;stretch_row&#8221; css=&#8221;.vc_custom_1618507570661{background-color: #dd9933 !important;}&#8221;][vc_column][vc_column_text] Diploma de Post\u00edtulo Contenido solo en espa\u00f1ol [\/vc_column_text][vc_empty_space][\/vc_column][\/vc_row][vc_row][vc_column width=&#8221;1\/2&#8243;][\/vc_column][vc_column width=&#8221;1\/2&#8243;][\/vc_column][\/vc_row]<\/p>\n","protected":false},"author":7,"featured_media":0,"parent":0,"menu_order":0,"comment_status":"closed","ping_status":"closed","template":"","meta":[],"_links":{"self":[{"href":"https:\/\/centroenergia.cl\/en\/wp-json\/wp\/v2\/pages\/4865"}],"collection":[{"href":"https:\/\/centroenergia.cl\/en\/wp-json\/wp\/v2\/pages"}],"about":[{"href":"https:\/\/centroenergia.cl\/en\/wp-json\/wp\/v2\/types\/page"}],"author":[{"embeddable":true,"href":"https:\/\/centroenergia.cl\/en\/wp-json\/wp\/v2\/users\/7"}],"replies":[{"embeddable":true,"href":"https:\/\/centroenergia.cl\/en\/wp-json\/wp\/v2\/comments?post=4865"}],"version-history":[{"count":89,"href":"https:\/\/centroenergia.cl\/en\/wp-json\/wp\/v2\/pages\/4865\/revisions"}],"predecessor-version":[{"id":6524,"href":"https:\/\/centroenergia.cl\/en\/wp-json\/wp\/v2\/pages\/4865\/revisions\/6524"}],"wp:attachment":[{"href":"https:\/\/centroenergia.cl\/en\/wp-json\/wp\/v2\/media?parent=4865"}],"curies":[{"name":"wp","href":"https:\/\/api.w.org\/{rel}","templated":true}]}}