{"id":5035,"date":"2021-05-26T14:43:41","date_gmt":"2021-05-26T18:43:41","guid":{"rendered":"http:\/\/centroenergia.cl\/?page_id=5035"},"modified":"2023-11-10T10:08:43","modified_gmt":"2023-11-10T14:08:43","slug":"diploma-de-postitulo-energias-renovables","status":"publish","type":"page","link":"https:\/\/centroenergia.cl\/en\/diploma-de-postitulo-energias-renovables\/","title":{"rendered":"(Espa\u00f1ol) Diploma de Post\u00edtulo Energ\u00edas Renovables"},"content":{"rendered":"[vc_row full_width=&#8221;stretch_row&#8221; css=&#8221;.vc_custom_1618507570661{background-color: #dd9933 !important;}&#8221;][vc_column][vc_column_text]\n<h2 style=\"text-align: right;\"><span style=\"font-family: 'Open Sans'; color: #ffffff; font-size: 32px;\">Diploma de Post\u00edtulo<\/span><\/h2>\n[\/vc_column_text][\/vc_column][\/vc_row][vc_row][vc_column width=&#8221;1\/2&#8243;][vc_column_text]bla bla[\/vc_column_text][\/vc_column][vc_column width=&#8221;1\/2&#8243;][vc_column_text]bla bla[\/vc_column_text][\/vc_column][\/vc_row]","protected":false},"excerpt":{"rendered":"<p>[vc_row full_width=&#8221;stretch_row&#8221; css=&#8221;.vc_custom_1618507570661{background-color: #dd9933 !important;}&#8221;][vc_column][vc_column_text] Diploma de Post\u00edtulo [\/vc_column_text][\/vc_column][\/vc_row][vc_row][vc_column width=&#8221;1\/2&#8243;][vc_column_text]bla bla[\/vc_column_text][\/vc_column][vc_column width=&#8221;1\/2&#8243;][vc_column_text]bla bla[\/vc_column_text][\/vc_column][\/vc_row]<\/p>\n","protected":false},"author":7,"featured_media":0,"parent":0,"menu_order":0,"comment_status":"closed","ping_status":"closed","template":"","meta":[],"_links":{"self":[{"href":"https:\/\/centroenergia.cl\/en\/wp-json\/wp\/v2\/pages\/5035"}],"collection":[{"href":"https:\/\/centroenergia.cl\/en\/wp-json\/wp\/v2\/pages"}],"about":[{"href":"https:\/\/centroenergia.cl\/en\/wp-json\/wp\/v2\/types\/page"}],"author":[{"embeddable":true,"href":"https:\/\/centroenergia.cl\/en\/wp-json\/wp\/v2\/users\/7"}],"replies":[{"embeddable":true,"href":"https:\/\/centroenergia.cl\/en\/wp-json\/wp\/v2\/comments?post=5035"}],"version-history":[{"count":84,"href":"https:\/\/centroenergia.cl\/en\/wp-json\/wp\/v2\/pages\/5035\/revisions"}],"predecessor-version":[{"id":6763,"href":"https:\/\/centroenergia.cl\/en\/wp-json\/wp\/v2\/pages\/5035\/revisions\/6763"}],"wp:attachment":[{"href":"https:\/\/centroenergia.cl\/en\/wp-json\/wp\/v2\/media?parent=5035"}],"curies":[{"name":"wp","href":"https:\/\/api.w.org\/{rel}","templated":true}]}}