{"id":605,"date":"2016-02-18T18:04:07","date_gmt":"2016-02-18T22:04:07","guid":{"rendered":"http:\/\/centroenergia.cl\/?page_id=605"},"modified":"2020-01-21T10:02:16","modified_gmt":"2020-01-21T14:02:16","slug":"serc-chile","status":"publish","type":"page","link":"https:\/\/centroenergia.cl\/en\/proyectos\/seleccion-de-proyectos\/serc-chile\/","title":{"rendered":"SERC Chile"},"content":{"rendered":"[vc_row][vc_column width=&#8221;1\/2&#8243;][vc_single_image image=&#8221;607&#8243; style=&#8221;vc_box_rounded&#8221;][vcex_spacing size=&#8221;20px&#8221;][vc_message message_box_color=&#8221;warning&#8221; icon_fontawesome=&#8221;fa fa-check-square&#8221;]<strong><span style=\"font-size: 18px;\">Team<\/span><\/strong><\/p>\n<ul>\n<li>Rodrigo Palma \u2013 Investigador l\u00edder del proyecto<\/li>\n<\/ul>\n[\/vc_message][vc_message message_box_color=&#8221;alert-success&#8221; icon_fontawesome=&#8221;fa fa-check-square&#8221;]<span style=\"font-size: 18px;\"><strong>Lines Involved<\/strong><\/span><\/p>\n<p>Solar Energy, Social-Environmental Development.[\/vc_message][vc_message message_box_color=&#8221;white&#8221; icon_fontawesome=&#8221;fa fa-link&#8221;]<strong><span style=\"font-size: 18px;\">Links<br \/>\n<\/span><\/strong><\/p>\n<p><a href=\"http:\/\/www.serc.cl\" target=\"_blank\" rel=\"noopener noreferrer\">http:\/\/www.serc.cl<\/a>[\/vc_message][\/vc_column][vc_column width=&#8221;1\/2&#8243;][vc_column_text]\n<p style=\"text-align: justify;\"><span style=\"font-size: 18px;\"><strong>Project Description<\/strong><\/span><\/p>\n<p style=\"text-align: justify;\">Chilean Solar Energy Research Center, SERC Chile, is a FONDAP program by the Scientific and Technology Research Center National Committee (Conicyt). Its main objective is to become a world leading institution on solar energy research, focusing primarily on developing the energy potential of the Atacama Desert in Chile.<\/p>\n<p style=\"text-align: justify;\">The foundation of this project is Norte Grande\u2019s huge potential for generation of solar based electricity, heat, and light, and of photovoltaic and thermal applications thanks to its high radiation levels and clarity indexes. These characteristics make the Atacama Desert an exceptional place for the study, development and testing of new technologies.<\/p>\n<p style=\"text-align: justify;\">Since its inception, six lines of research have been defined and assigned to scholars from different universities and fields.<\/p>\n<ol style=\"text-align: justify;\">\n<li>Solar energy in industry and mining.<\/li>\n<li>High potency electricity systems with solar energy penetration.<\/li>\n<li>Solar energy coordination systems for urban and rural communities.<\/li>\n<li>Solar energy storage.<\/li>\n<li>Solar water treatment<\/li>\n<li>Economic, social, and regulatory aspects for the development of solar energy.<\/li>\n<\/ol>\n<p style=\"text-align: justify;\"><span style=\"font-size: 18px;\"><strong>Origin and Contributions<\/strong><\/span><\/p>\n<p style=\"text-align: justify;\">SERC Chile started in 2012 as a FONDAP program by Conicyt. Its work team is made up by professionals from Universidad de Chile, Universidad de Tarapac\u00e1, Universidad de Antofagasta, Universidad T\u00e9cnica Federico Santa Mar\u00eda, Universidad Adolfo Ib\u00e1\u00f1ez, Universidad de Concepci\u00f3n and Fundaci\u00f3n Chile.<\/p>\n[\/vc_column_text][\/vc_column][\/vc_row]","protected":false},"excerpt":{"rendered":"<p>[vc_row][vc_column width=&#8221;1\/2&#8243;][vc_single_image image=&#8221;607&#8243; style=&#8221;vc_box_rounded&#8221;][vcex_spacing size=&#8221;20px&#8221;][vc_message message_box_color=&#8221;warning&#8221; icon_fontawesome=&#8221;fa fa-check-square&#8221;]Team Rodrigo Palma \u2013 Investigador l\u00edder del proyecto [\/vc_message][vc_message message_box_color=&#8221;alert-success&#8221; icon_fontawesome=&#8221;fa fa-check-square&#8221;]Lines Involved Solar Energy, Social-Environmental Development.[\/vc_message][vc_message message_box_color=&#8221;white&#8221; icon_fontawesome=&#8221;fa fa-link&#8221;]Links http:\/\/www.serc.cl[\/vc_message][\/vc_column][vc_column width=&#8221;1\/2&#8243;][vc_column_text] Project Description Chilean Solar Energy Research Center, SERC Chile, is a&hellip;<\/p>\n","protected":false},"author":2,"featured_media":0,"parent":325,"menu_order":0,"comment_status":"closed","ping_status":"closed","template":"","meta":[],"_links":{"self":[{"href":"https:\/\/centroenergia.cl\/en\/wp-json\/wp\/v2\/pages\/605"}],"collection":[{"href":"https:\/\/centroenergia.cl\/en\/wp-json\/wp\/v2\/pages"}],"about":[{"href":"https:\/\/centroenergia.cl\/en\/wp-json\/wp\/v2\/types\/page"}],"author":[{"embeddable":true,"href":"https:\/\/centroenergia.cl\/en\/wp-json\/wp\/v2\/users\/2"}],"replies":[{"embeddable":true,"href":"https:\/\/centroenergia.cl\/en\/wp-json\/wp\/v2\/comments?post=605"}],"version-history":[{"count":8,"href":"https:\/\/centroenergia.cl\/en\/wp-json\/wp\/v2\/pages\/605\/revisions"}],"predecessor-version":[{"id":2072,"href":"https:\/\/centroenergia.cl\/en\/wp-json\/wp\/v2\/pages\/605\/revisions\/2072"}],"up":[{"embeddable":true,"href":"https:\/\/centroenergia.cl\/en\/wp-json\/wp\/v2\/pages\/325"}],"wp:attachment":[{"href":"https:\/\/centroenergia.cl\/en\/wp-json\/wp\/v2\/media?parent=605"}],"curies":[{"name":"wp","href":"https:\/\/api.w.org\/{rel}","templated":true}]}}