{"id":623,"date":"2016-02-18T18:51:30","date_gmt":"2016-02-18T22:51:30","guid":{"rendered":"http:\/\/centroenergia.cl\/?page_id=623"},"modified":"2020-01-21T10:00:38","modified_gmt":"2020-01-21T14:00:38","slug":"micro-red-huatacondo","status":"publish","type":"page","link":"https:\/\/centroenergia.cl\/en\/proyectos\/seleccion-de-proyectos\/micro-red-huatacondo\/","title":{"rendered":"Huatacondo Microgrid"},"content":{"rendered":"[vc_row][vc_column width=&#8221;1\/2&#8243;][vc_single_image image=&#8221;845&#8243; style=&#8221;vc_box_rounded&#8221;][vcex_spacing size=&#8221;20px&#8221;][vc_message icon_fontawesome=&#8221;fa fa-check-square&#8221;]\n<p style=\"text-align: justify;\"><span style=\"font-size: 18px;\"><strong>Origin and Contributions<\/strong><\/span><\/p>\n<p style=\"text-align: justify;\">This project started in 2009 as a joint effort between Universidad de Chile and the financial support of Compa\u00f1\u00eda Minera Do\u00f1a In\u00e9s de Collahuasi. A multidisciplinary team of electrical and mechanical engineers, industrial designers and sociologists was assembled to work on it. The initiative has been underway since 2010, a period in which the community of Huatacondo has been assisted regularly by the CE team.<\/p>\n[\/vc_message][vc_message message_box_color=&#8221;warning&#8221; icon_fontawesome=&#8221;fa fa-check-square&#8221;]<strong><span style=\"font-size: 18px;\">Team<\/span><\/strong><\/p>\n<ul>\n<li>Guillermo Jim\u00e9nez &#8211; Director<\/li>\n<li>Patricio Mendoza \u2013 Coordinador de \u00e1rea<\/li>\n<li>Ignacio Polanco<\/li>\n<li>Fernando Lanas<\/li>\n<li>Jos\u00e9 Ascui<\/li>\n<li>Rene Rosatti<\/li>\n<li>Francisca Herrera<\/li>\n<\/ul>\n[\/vc_message][vc_message message_box_color=&#8221;alert-success&#8221; icon_fontawesome=&#8221;fa fa-check-square&#8221;]<strong><span style=\"font-size: 18px;\">Lines Involved<\/span><\/strong><\/p>\n<p>Smart Grids.[\/vc_message][\/vc_column][vc_column width=&#8221;1\/2&#8243;][vc_column_text]\n<p style=\"text-align: justify;\"><span style=\"font-size: 18px;\"><strong>Project Description<\/strong><\/span><\/p>\n<p style=\"text-align: justify;\">This project develops the first renewable energy-based smart microgrid that involves the community in the efficient use of energy and the system operation. Its main objective is to provide the town of Huatacondo, in the region of Tarapac\u00e1, with electricity 24 hours a day thanks to the use of renewable energies.<\/p>\n<p style=\"text-align: justify;\">Some of its most remarkable features are the innovations and peculiarities of the Huatacondo facilities, considering the relation with the community, the town\u2019s electric, communication and geographical isolation, as well as the use of natural sources for the generation of renewable energy.<\/p>\n<p style=\"text-align: justify;\">Currently, this Project has reached 60% of renewable penetration based on the following combination:<\/p>\n<ol style=\"text-align: justify;\">\n<li>22.68 [kW] Main photovoltaic plant with one axis tracking.<\/li>\n<li>120 [kVA] Diesel group.<\/li>\n<li>129 [kWh] Energy storage system.<\/li>\n<\/ol>\n<p style=\"text-align: justify;\">The project\u2019s social intervention has taken into account the direct involvement of the community in the decision-making processes, empowering people and turning them into operators while giving them responsibilities over efficient use of energy and minor maintenance.<br \/>\nThis project breaks the barrier of taking cutting-edge technology to small towns afar from big cities, thus generating efficient solutions that can be replicated in different spots of electric distribution. This process strengthens and stabilizes isolated and interconnected electricity systems.<\/p>\n[\/vc_column_text][vcex_spacing size=&#8221;20px&#8221;][vc_raw_html]JTNDaWZyYW1lJTIwc3JjJTNEJTIyaHR0cHMlM0ElMkYlMkZwbGF5ZXIudmltZW8uY29tJTJGdmlkZW8lMkYxOTQ1MTQ2NDElMjIlMjB3aWR0aCUzRCUyMjY0MCUyMiUyMGhlaWdodCUzRCUyMjM2MCUyMiUyMGZyYW1lYm9yZGVyJTNEJTIyMCUyMiUyMHdlYmtpdGFsbG93ZnVsbHNjcmVlbiUyMG1vemFsbG93ZnVsbHNjcmVlbiUyMGFsbG93ZnVsbHNjcmVlbiUzRSUzQyUyRmlmcmFtZSUzRSUyMA==[\/vc_raw_html][vc_tta_accordion active_section=&#8221;&#8221; collapsible_all=&#8221;true&#8221;][vc_tta_section title=&#8221;Graduate dissertations&#8221; tab_id=&#8221;1455835557580-16984aae-3997&#8243;][vc_column_text]\n<ul>\n<li><strong>Roje Godoy, Tomislav Andr\u00e9s,\u00a0<\/strong><a href=\"http:\/\/repositorio.uchile.cl\/handle\/2250\/133126\" target=\"_blank\" rel=\"noopener noreferrer\"> \u201cDise\u00f1o de estrategia de control para gesti\u00f3n de demanda de micro-redes aisladas\u201d<\/a>, 2015.<\/li>\n<li><strong>Beltr\u00e1n Varas, Daniel Esteban,\u00a0<\/strong><a href=\"http:\/\/repositorio.uchile.cl\/handle\/2250\/135065\" target=\"_blank\" rel=\"noopener noreferrer\"> Integraci\u00f3n de modelos de envejecimiento de bater\u00edas en sistemas de gesti\u00f3n de energ\u00eda en micro-redes\u201d<\/a>, 2015.<\/li>\n<li><strong>N\u00fa\u00f1ez Mata, Oscar Fernando,\u00a0<\/strong><a href=\"http:\/\/repositorio.uchile.cl\/handle\/2250\/115966\" target=\"_blank\" rel=\"noopener noreferrer\"> \u201cMetodolog\u00eda para el monitoreo de microrredes por medio de indicadores de resilencia\u201d<\/a>, 2014.<\/li>\n<li><strong>Burgos Mellado, Claudio Danilo,\u00a0<\/strong><a href=\"http:\/\/repositorio.uchile.cl\/handle\/2250\/114516\" target=\"_blank\" rel=\"noopener noreferrer\"> \u201cEstimaci\u00f3n del estado de carga para un banco de bater\u00edas basada en modelaci\u00f3n difusa y filtro extendido de Kalman\u201d<\/a>, 2013.<\/li>\n<li><strong>Vidal Silva, \u00c1lvaro,\u00a0<\/strong><a href=\"http:\/\/repositorio.uchile.cl\/handle\/2250\/112794\" target=\"_blank\" rel=\"noopener noreferrer\"> Kayu : proyecto de veh\u00edculo el\u00e9ctrico para el traslado de carga liviana para la localidad de Huatacondo\u201d<\/a>, 2013.<\/li>\n<li><strong>Parra Ojeda, Ricardo Emilio,\u00a0<\/strong><a href=\"http:\/\/repositorio.uchile.cl\/handle\/2250\/115897\" target=\"_blank\" rel=\"noopener noreferrer\"> Dise\u00f1o de conector para veh\u00edculo el\u00e9ctrico tipo V2G para la localidad de Huatacondo\u201d<\/a>, 2013.<\/li>\n<li><strong>\u00c1vila Swinburn, Fernanda Isabel,\u00a0<\/strong><a href=\"http:\/\/repositorio.uchile.cl\/handle\/2250\/114511\" target=\"_blank\" rel=\"noopener noreferrer\"> Dise\u00f1o de un sistema de gesti\u00f3n de demanda basado en l\u00f3gica difusa para micro-redes\u201d<\/a>, 2013.<\/li>\n<li><strong>Collado Aretio, Jorge Ignacio,\u00a0<\/strong><a href=\"http:\/\/repositorio.uchile.cl\/handle\/2250\/115508\" target=\"_blank\" rel=\"noopener noreferrer\"> Dise\u00f1o de estrategias de control predictivo robusto basado en intervalos difusos para la operaci\u00f3n de microrredes\u201d<\/a>, 2013.<\/li>\n<li><strong>Fehlandt Mu\u00f1oz, Sebasti\u00e1n Eduardo,\u00a0<\/strong><a href=\"http:\/\/repositorio.uchile.cl\/handle\/2250\/112557\" target=\"_blank\" rel=\"noopener noreferrer\">\u201cDesarrollo de simulador integrado de microredes inteligentes<\/a>\u201d, 2012.<\/li>\n<li><strong>Llanos Proa\u00f1o, Jacqueline del Rosario,\u00a0<\/strong><a href=\"http:\/\/repositorio.uchile.cl\/handle\/2250\/102768\" target=\"_blank\" rel=\"noopener noreferrer\"> M\u00e9todo para la Generaci\u00f3n de P\u00e9rfiles de Demanda en Comunidades Aisladas y Predicci\u00f3n de Demanda de Corto Plazo, para Micro-Redes Basadas en Energ\u00edas Renovables\u201d<\/a>, 2012.<\/li>\n<li><strong>Inostroza Codoceo, Javiera Patricia,\u00a0<\/strong><a href=\"http:\/\/repositorio.uchile.cl\/handle\/2250\/112209\" target=\"_blank\" rel=\"noopener noreferrer\"> \u201cPropuesta metodol\u00f3gica para la evaluaci\u00f3n socioecon\u00f3mica y ambiental de proyectos de micro-redes con fuentes de energ\u00eda renovable en comunidades rurales del Norte de Chile\u201d<\/a>, 2012.<\/li>\n<li><strong>Nacif Hartley, Javier Andr\u00e9s,\u00a0<\/strong><a href=\"http:\/\/repositorio.uchile.cl\/handle\/2250\/104274\" target=\"_blank\" rel=\"noopener noreferrer\"> \u201cAcumulaci\u00f3n t\u00e9rmica para un sistema solar de calefacci\u00f3n activo\u201d,<\/a> 2011.<\/li>\n<li><strong>Nicol\u00e1s Alfonso L\u00f3pez Madrid,\u00a0<\/strong><a href=\"http:\/\/www.tesis.uchile.cl\/handle\/2250\/104328\" target=\"_blank\" rel=\"noopener noreferrer\">\u201cDesarrollo de un modelo de estimaci\u00f3n de estado para la red el\u00e9ctrica de Huatacondo\u201d<\/a>, 2011.<\/li>\n<li><strong>Fern\u00e1ndo Jos\u00e9 Lanas Montecinos,\u00a0<\/strong><a href=\"http:\/\/www.tesis.uchile.cl\/handle\/2250\/104143\" target=\"_blank\" rel=\"noopener noreferrer\">\u201cDesarrollo y validaci\u00f3n de un modelo de optimizaci\u00f3n energ\u00e9tica para una Microrred\u201d<\/a>, 2011.<\/li>\n<li><strong>Severino Astudillo, Bernardo \u00c1ndres,\u00a0<\/strong><a href=\"http:\/\/repositorio.uchile.cl\/handle\/2250\/104082\" target=\"_blank\" rel=\"noopener noreferrer\"> \u201cModelaci\u00f3n de Generador Fotovoltaico y Banco de Bater\u00edas de Plomo \u00c1cido como Elementos de una Microrred\u201d<\/a>, 2011.<\/li>\n<li><strong>\u00c1guila Bustos, Marco Antonio,\u00a0<\/strong><a href=\"http:\/\/repositorio.uchile.cl\/handle\/2250\/112343\" target=\"_blank\" rel=\"noopener noreferrer\"> \u201cProcedimiento metodol\u00f3gico para identificar recursos naturales disponibles para la generaci\u00f3n de energ\u00eda en base al proyecto GeVi\u201d<\/a>, 2011.<\/li>\n<li><strong>Weber Cornejo, Pablo Andr\u00e9s,\u00a0<\/strong><a href=\"http:\/\/repositorio.uchile.cl\/handle\/2250\/104356\" target=\"_blank\" rel=\"noopener noreferrer\"> Dise\u00f1o e Implementaci\u00f3n de Plataforma Scada para Sistema de Electrificaci\u00f3n Sustentable en la Localidad de Huatacondo\u201d,<\/a> 2011.<\/li>\n<li><strong>Garrido Echeverria, Natalia Catalina,\u00a0<\/strong><a href=\"http:\/\/repositorio.uchile.cl\/handle\/2250\/100293\" target=\"_blank\" rel=\"noopener noreferrer\"> An\u00e1lisis y evaluaci\u00f3n ambiental: \u2014 proyecto sistema de energizaci\u00f3n sustentable para Huatacondo, comuna de Pozo Almonte, Regi\u00f3n de Tarapac\u00e1\u201d<\/a>, 2010.<\/li>\n<\/ul>\n[\/vc_column_text][\/vc_tta_section][vc_tta_section title=&#8221;ISI Publications&#8221; tab_id=&#8221;1455835557678-d02fa142-f03c&#8221;][vc_column_text]\n<ul>\n<li>Jim\u00e9nez-Estevez, R. Palma-Behnke, D. Ortiz-Villalba, O. N\u00fa\u00f1ez, and C. Silva.: \u201c<strong>It Takes a Village: Social SCADA and Approaches to Community Engagement in Isolated Microgrids<\/strong>\u201d, IEEE Power and Energy Magazine, Volume: 12,\u00a0Issue: 4, pp: 60-69, 2014.<\/li>\n<\/ul>\n<ul>\n<li>Palma-Behnke R., Benavides C., Lanas F., Severino B., Reyes L., Llanos J., S\u00e1ez D.: \u201c<strong>A Microgrid Energy Management System Based on the Rolling Horizon Strategy\u201d<\/strong>, IEEE Transactions on Smartgrids, Volume 4, Issue 2, pp: 996-1006, june 2013.<\/li>\n<\/ul>\n[\/vc_column_text][\/vc_tta_section][vc_tta_section title=&#8221;Publications in journals&#8221; tab_id=&#8221;1455835958020-8b1a8bdb-5c56&#8243;][vc_column_text]\n<ul>\n<li>N\u00fa\u00f1ez O., Ortiz D., Palma R.: <strong>\u201cMicro redes en la red el\u00e9ctrica del futuro: el caso Huatacondo\u201d, Revista Ciencia y Tecnolog\u00eda \u2013 Universidad de Costa Rica<\/strong>, Vol. 29, Issue 2, 2013.<\/li>\n<\/ul>\n<ul>\n<li>N\u00fa\u00f1ez O., Ortiz D., Palma R., Jim\u00e9nez G., Silva C.: \u201c<strong>Sustentabilidad de Micro redes: El Social SCADA\u201d, Revista Chilena de Ingenier\u00eda<\/strong> \u2013 Anales del Instituto de Ingenieros, No 467, pp: 77-86, December 2012.<\/li>\n<\/ul>\n[\/vc_column_text][\/vc_tta_section][\/vc_tta_accordion][\/vc_column][\/vc_row]","protected":false},"excerpt":{"rendered":"<p>[vc_row][vc_column width=&#8221;1\/2&#8243;][vc_single_image image=&#8221;845&#8243; style=&#8221;vc_box_rounded&#8221;][vcex_spacing size=&#8221;20px&#8221;][vc_message icon_fontawesome=&#8221;fa fa-check-square&#8221;] Origin and Contributions This project started in 2009 as a joint effort between Universidad de Chile and the financial support of Compa\u00f1\u00eda Minera Do\u00f1a In\u00e9s de Collahuasi. A multidisciplinary team of electrical and&hellip;<\/p>\n","protected":false},"author":2,"featured_media":0,"parent":325,"menu_order":0,"comment_status":"closed","ping_status":"closed","template":"","meta":[],"_links":{"self":[{"href":"https:\/\/centroenergia.cl\/en\/wp-json\/wp\/v2\/pages\/623"}],"collection":[{"href":"https:\/\/centroenergia.cl\/en\/wp-json\/wp\/v2\/pages"}],"about":[{"href":"https:\/\/centroenergia.cl\/en\/wp-json\/wp\/v2\/types\/page"}],"author":[{"embeddable":true,"href":"https:\/\/centroenergia.cl\/en\/wp-json\/wp\/v2\/users\/2"}],"replies":[{"embeddable":true,"href":"https:\/\/centroenergia.cl\/en\/wp-json\/wp\/v2\/comments?post=623"}],"version-history":[{"count":16,"href":"https:\/\/centroenergia.cl\/en\/wp-json\/wp\/v2\/pages\/623\/revisions"}],"predecessor-version":[{"id":2070,"href":"https:\/\/centroenergia.cl\/en\/wp-json\/wp\/v2\/pages\/623\/revisions\/2070"}],"up":[{"embeddable":true,"href":"https:\/\/centroenergia.cl\/en\/wp-json\/wp\/v2\/pages\/325"}],"wp:attachment":[{"href":"https:\/\/centroenergia.cl\/en\/wp-json\/wp\/v2\/media?parent=623"}],"curies":[{"name":"wp","href":"https:\/\/api.w.org\/{rel}","templated":true}]}}