{"id":6877,"date":"2025-09-16T17:54:42","date_gmt":"2025-09-16T21:54:42","guid":{"rendered":"https:\/\/centroenergia.cl\/?page_id=6877"},"modified":"2025-10-29T10:58:16","modified_gmt":"2025-10-29T14:58:16","slug":"curso-modelo-plp","status":"publish","type":"page","link":"https:\/\/centroenergia.cl\/en\/curso-modelo-plp\/","title":{"rendered":"(Espa\u00f1ol) Curso Modelo PLP y An\u00e1lisis de Datos"},"content":{"rendered":"[vc_row full_width=&#8221;stretch_row&#8221; css=&#8221;.vc_custom_1705444270069{margin-bottom: -40px !important;background-image: url(https:\/\/centroenergia.cl\/wp-content\/uploads\/2024\/01\/header_web2.png?id=6883) !important;}&#8221;][vc_column][vc_empty_space height=&#8221;100px&#8221;][vc_row_inner][vc_column_inner][vc_column_text css=&#8221;.vc_custom_1705444180025{margin-top: -30px !important;}&#8221;]\n<h2 style=\"text-align: right;\"><strong><span style=\"font-size: 46px; font-family: 'Open Sans'; color: #ffffff;\">Modelo PLP<br \/>\ny An\u00e1lisis de Datos<\/span><\/strong><\/h2>\n[\/vc_column_text][\/vc_column_inner][\/vc_row_inner][vc_empty_space height=&#8221;60px&#8221;][vc_empty_space height=&#8221;60px&#8221;][\/vc_column][\/vc_row][vc_row full_width=&#8221;stretch_row&#8221; css=&#8221;.vc_custom_1705443981697{background-color: #dd3333 !important;}&#8221;][vc_column][vc_column_text css=&#8221;.vc_custom_1760716069233{margin-top: -20px !important;}&#8221;]\n<h2 style=\"text-align: center;\"><span style=\"font-family: 'Open Sans'; color: #ffffff; font-size: 26px;\">CURSO ONLINE | NOVIEMBRE 2025 <\/span><\/h2>\n[\/vc_column_text][vc_empty_space height=&#8221;15px&#8221;][\/vc_column][\/vc_row][vc_row gap=&#8221;30&#8243;][vc_column][vc_row_inner gap=&#8221;30&#8243;][vc_column_inner width=&#8221;1\/2&#8243;][vc_column_text]\n<h2 style=\"text-align: justify;\"><span style=\"color: #990000;\"><strong><span style=\"font-family: 'Open Sans';\">Descripci\u00f3n<\/span><\/strong><\/span><\/h2>\n[\/vc_column_text][\/vc_column_inner][vc_column_inner width=&#8221;1\/2&#8243;][\/vc_column_inner][\/vc_row_inner][vc_row_inner gap=&#8221;30&#8243;][vc_column_inner width=&#8221;1\/2&#8243;][vc_column_text]\n<p style=\"text-align: justify;\">El <strong>modelo para la Programaci\u00f3n de Largo Plazo<\/strong> (modelo PLP) es uno de los softwares utilizados por el Coordinador El\u00e9ctrico Nacional (\u201cCoordinador\u201d) para realizar la programaci\u00f3n diaria de la operaci\u00f3n del Sistema El\u00e9ctrico Nacional (SEN). Tambi\u00e9n el Coordinador utiliza este modelo para su propuesta de expansi\u00f3n de la transmisi\u00f3n y en otros an\u00e1lisis de mediano y largo plazo. Asimismo, este modelo es utilizado por empresas del sector el\u00e9ctrico para realizar proyecciones de la operaci\u00f3n considerando un horizonte de evaluaci\u00f3n de mediano y largo plazo.<\/p>\n<p style=\"text-align: justify;\">El curso \u201cModelo PLP y An\u00e1lisis de Datos\u201d es un curso introductorio para aprender a utilizar el modelo PLP (nueva versi\u00f3n 6.3 publicada por el Coordinador El\u00e9ctrico Nacional) y realizar an\u00e1lisis de los resultados obtenidos utilizando el lenguaje de programaci\u00f3n PYTHON. Debido a los grandes vol\u00famenes de informaci\u00f3n que se generan cuando se utiliza este modelo, se requiere contar con herramientas avanzadas para el procesamiento de datos.<\/p>\n[\/vc_column_text][\/vc_column_inner][vc_column_inner width=&#8221;1\/2&#8243;][vc_column_text]\n<p style=\"text-align: justify;\">Utilizando el modelo PLP se pueden realizar proyecciones de generaci\u00f3n el\u00e9ctrica por central, proyecci\u00f3n de flujos por las l\u00edneas de transmisi\u00f3n, proyecci\u00f3n de costos marginales, proyecci\u00f3n de trayectoria de cota de los embalses, entre otros resultados.<\/p>\n<p style=\"text-align: justify;\">Al final del curso se espera que los participantes aprendan a aplicar herramientas para procesar y analizar los resultados obtenidos de simulaciones reales de la operaci\u00f3n del SEN.<\/p>\n<h4><strong>Certificaci\u00f3n<\/strong><\/h4>\n<p style=\"text-align: justify;\">Los alumnos que cumplan con los criterios de aprobaci\u00f3n recibir\u00e1n un certificado de participaci\u00f3n entregado por el Centro de Energ\u00eda y la Escuela de Postgrado y Educaci\u00f3n Continua de la Universidad de Chile.<\/p>\n[\/vc_column_text][\/vc_column_inner][\/vc_row_inner][vc_separator color=&#8221;juicy_pink&#8221; style=&#8221;dotted&#8221;][vc_row_inner gap=&#8221;30&#8243;][vc_column_inner width=&#8221;1\/2&#8243;][vc_column_text]\n<h3><span style=\"font-family: 'Open Sans';\">Clases:<\/span><\/h3>\n<ul>\n<li>En total se realizar\u00e1n <strong>8 sesiones de 1,5 horas<\/strong>.<\/li>\n<\/ul>\n<ul>\n<li><strong>Inicio: 25 de noviembre de 2025<\/strong><\/li>\n<li>Las clases se realizar\u00e1n los d\u00edas 25, 26 y 28 de noviembre y el 2, 3, 5, 9 y 10 de diciembre..<\/li>\n<li>El horario de las clases es de 10:30 a 11:30 hrs.<\/li>\n<\/ul>\n[\/vc_column_text][vc_column_text]\n<h3><span style=\"font-family: 'Open Sans';\">Modalidad ONLINE:<\/span><\/h3>\n<ul>\n<li>Las clases se realizar\u00e1n en vivo y de manera online a trav\u00e9s de la <strong>plataforma Zoom<\/strong>.<\/li>\n<li>Los alumnos inscritos se podr\u00e1n conectar de manera remota a un servidor que tiene instalado el modelo PLP y as\u00ed poder usar el modelo.<\/li>\n<li><em>Nota: El curso no incluye la instalaci\u00f3n del modelo PLP en computadores personales o servidores de la empresa donde trabajan los participantes.<\/em><\/li>\n<\/ul>\n[\/vc_column_text][\/vc_column_inner][vc_column_inner width=&#8221;1\/2&#8243;][vc_single_image image=&#8221;2250&#8243;][\/vc_column_inner][\/vc_row_inner][vc_empty_space height=&#8221;30px&#8221;][\/vc_column][\/vc_row][vc_row full_width=&#8221;stretch_row&#8221; gap=&#8221;35&#8243; css=&#8221;.vc_custom_1622051375679{background-color: #efefef !important;}&#8221;][vc_column css=&#8221;.vc_custom_1705442160710{padding-right: 40px !important;}&#8221;][vc_empty_space height=&#8221;50px&#8221;][vc_custom_heading text=&#8221;Cuerpo acad\u00e9mico&#8221; font_container=&#8221;tag:h2|text_align:center&#8221; use_theme_fonts=&#8221;yes&#8221;][vc_empty_space height=&#8221;20px&#8221;][vc_row_inner gap=&#8221;30&#8243;][vc_column_inner width=&#8221;1\/3&#8243;][vc_column_text]\n<h2 style=\"text-align: left;\"><span style=\"font-size: 16px; color: #000000;\"><strong>Carlos Benavides<\/strong><\/span><\/h2>\n[\/vc_column_text][vc_separator color=&#8221;green&#8221; align=&#8221;align_left&#8221; border_width=&#8221;4&#8243; el_width=&#8221;20&#8243; css=&#8221;.vc_custom_1706728794942{padding-top: 5px !important;padding-bottom: 20px !important;}&#8221;][vc_column_text]\n<p style=\"text-align: left;\"><span style=\"font-size: 13px; color: #000000;\">Investigador senior del Centro de Energ\u00eda.<br \/>\nProfesional con m\u00e1s 15 a\u00f1os de experiencia en temas de regulaci\u00f3n, operaci\u00f3n, planificaci\u00f3n y desarrollo de modelos en el \u00e1rea de energ\u00eda y cambio clim\u00e1tico.<br \/>\n<\/span>[\/vc_column_text][\/vc_column_inner][vc_column_inner width=&#8221;1\/3&#8243;][vc_column_text]\n<h2 style=\"text-align: left;\"><span style=\"font-size: 16px;\">Rigoberto Torres<\/span><\/h2>\n[\/vc_column_text][vc_separator color=&#8221;green&#8221; align=&#8221;align_left&#8221; border_width=&#8221;4&#8243; el_width=&#8221;20&#8243; css=&#8221;.vc_custom_1706728794942{padding-top: 5px !important;padding-bottom: 20px !important;}&#8221;][vc_column_text]\n<p style=\"text-align: left;\"><span style=\"font-size: 13px; color: #000000;\">Investigador senior del Centro de Energ\u00eda.<br \/>\nM\u00e1s de 15 a\u00f1os dedicado al an\u00e1lisis t\u00e9cnico econ\u00f3mico del sector el\u00e9ctrico, desde el dise\u00f1o de los mercados y su reglamentaci\u00f3n hasta la planificaci\u00f3n y operaci\u00f3n de los sistemas el\u00e9ctricos de potencia. Ha participado en el desarrollo y uso de diversos softwares de simulaci\u00f3n del sector el\u00e9ctrico.<br \/>\n<\/span>[\/vc_column_text][\/vc_column_inner][vc_column_inner width=&#8221;1\/3&#8243;][vc_column_text]\n<h2 style=\"text-align: left;\"><span style=\"font-size: 16px;\">Sebasti\u00e1n Gwinner<\/span><\/h2>\n[\/vc_column_text][vc_separator color=&#8221;green&#8221; align=&#8221;align_left&#8221; border_width=&#8221;4&#8243; el_width=&#8221;20&#8243; css=&#8221;.vc_custom_1706728794942{padding-top: 5px !important;padding-bottom: 20px !important;}&#8221;][vc_column_text]\n<p style=\"text-align: left;\"><span style=\"font-size: 13px; color: #000000;\">Investigador del Centro de Energ\u00eda.<br \/>\nProfesional con m\u00e1s 7 a\u00f1os de experiencia en prospectiva energ\u00e9tica, modelamiento de sistemas el\u00e9ctricos y uso de herramientas de simulaci\u00f3n del sector el\u00e9ctrico .<\/span>[\/vc_column_text][\/vc_column_inner][\/vc_row_inner][vc_empty_space height=&#8221;40px&#8221;][\/vc_column][\/vc_row][vc_row][vc_column][vc_empty_space height=&#8221;40px&#8221;][vc_row_inner][vc_column_inner width=&#8221;1\/6&#8243;][\/vc_column_inner][vc_column_inner width=&#8221;2\/3&#8243;][vc_custom_heading text=&#8221;VALORES Y FORMAS DE PAGO&#8221; font_container=&#8221;tag:h2|text_align:center&#8221; use_theme_fonts=&#8221;yes&#8221;][vc_column_text]\n<p style=\"text-align: center;\"><span style=\"font-size: 18px;\">El curso tiene un valor de<strong> $550.000<\/strong> pesos chilenos.<\/span><\/p>\n[\/vc_column_text][\/vc_column_inner][vc_column_inner width=&#8221;1\/6&#8243;][\/vc_column_inner][\/vc_row_inner][vc_row_inner gap=&#8221;30&#8243;][vc_column_inner width=&#8221;1\/2&#8243;][vc_column_text]\n<h3><span style=\"font-family: 'Open Sans';\">Descuentos disponibles:<\/span><\/h3>\n<ul>\n<li><strong>20% de descuento<\/strong> para profesionales que trabajen en empresas que pertenecen a asociaciones que tengan convenio con el Centro de Energ\u00eda.<\/li>\n<li><strong>20% de descuento<\/strong> por inscripci\u00f3n anticipada hasta el 31 de octubre.<\/li>\n<\/ul>\n[\/vc_column_text][vc_column_text]\n<h3><span style=\"font-family: 'Open Sans';\">Formas de pago:<\/span><\/h3>\n<ul>\n<li>Pago al contado.<\/li>\n<li>Pago con tarjeta de d\u00e9bito.<\/li>\n<li>Pago con tarjeta de cr\u00e9dito, hasta 6 cuotas precio contado.<\/li>\n<li>Se acepta orden de compra para alumnos inscritos por empresas o instituciones.<\/li>\n<\/ul>\n[\/vc_column_text][\/vc_column_inner][vc_column_inner width=&#8221;1\/2&#8243;][vc_column_text]\n<h3><span style=\"font-family: 'Open Sans';\"><strong>Inscripciones:<\/strong><\/span><\/h3>\n<p>Proximamente se abrir\u00e1 proceso de inscripcci\u00f3n.<\/p>\n<p><em>Nota: Este curso tiene cupos limitados.<\/em><\/p>\n<p><strong><br \/>\nConsulte por versiones cerradas para empresas e instituciones.<\/strong><\/p>\n<p><strong>Consultas a<\/strong>\u00a0<a href=\"mailto:formacion@centroenergia.cl\">formacion@centroenergia.cl<\/a>[\/vc_column_text][vc_empty_space height=&#8221;20px&#8221;][\/vc_column_inner][\/vc_row_inner][\/vc_column][\/vc_row][vc_row][vc_column][vc_empty_space height=&#8221;50px&#8221;][\/vc_column][\/vc_row]","protected":false},"excerpt":{"rendered":"<p>[vc_row full_width=&#8221;stretch_row&#8221; css=&#8221;.vc_custom_1705444270069{margin-bottom: -40px !important;background-image: url(https:\/\/centroenergia.cl\/wp-content\/uploads\/2024\/01\/header_web2.png?id=6883) !important;}&#8221;][vc_column][vc_empty_space height=&#8221;100px&#8221;][vc_row_inner][vc_column_inner][vc_column_text css=&#8221;.vc_custom_1705444180025{margin-top: -30px !important;}&#8221;] Modelo PLP y An\u00e1lisis de Datos [\/vc_column_text][\/vc_column_inner][\/vc_row_inner][vc_empty_space height=&#8221;60px&#8221;][vc_empty_space height=&#8221;60px&#8221;][\/vc_column][\/vc_row][vc_row full_width=&#8221;stretch_row&#8221; css=&#8221;.vc_custom_1705443981697{background-color: #dd3333 !important;}&#8221;][vc_column][vc_column_text css=&#8221;.vc_custom_1760716069233{margin-top: -20px !important;}&#8221;] CURSO ONLINE | NOVIEMBRE 2025 [\/vc_column_text][vc_empty_space height=&#8221;15px&#8221;][\/vc_column][\/vc_row][vc_row gap=&#8221;30&#8243;][vc_column][vc_row_inner gap=&#8221;30&#8243;][vc_column_inner width=&#8221;1\/2&#8243;][vc_column_text] Descripci\u00f3n [\/vc_column_text][\/vc_column_inner][vc_column_inner width=&#8221;1\/2&#8243;][\/vc_column_inner][\/vc_row_inner][vc_row_inner&hellip;<\/p>\n","protected":false},"author":7,"featured_media":0,"parent":0,"menu_order":0,"comment_status":"closed","ping_status":"closed","template":"","meta":[],"_links":{"self":[{"href":"https:\/\/centroenergia.cl\/en\/wp-json\/wp\/v2\/pages\/6877"}],"collection":[{"href":"https:\/\/centroenergia.cl\/en\/wp-json\/wp\/v2\/pages"}],"about":[{"href":"https:\/\/centroenergia.cl\/en\/wp-json\/wp\/v2\/types\/page"}],"author":[{"embeddable":true,"href":"https:\/\/centroenergia.cl\/en\/wp-json\/wp\/v2\/users\/7"}],"replies":[{"embeddable":true,"href":"https:\/\/centroenergia.cl\/en\/wp-json\/wp\/v2\/comments?post=6877"}],"version-history":[{"count":32,"href":"https:\/\/centroenergia.cl\/en\/wp-json\/wp\/v2\/pages\/6877\/revisions"}],"predecessor-version":[{"id":7842,"href":"https:\/\/centroenergia.cl\/en\/wp-json\/wp\/v2\/pages\/6877\/revisions\/7842"}],"wp:attachment":[{"href":"https:\/\/centroenergia.cl\/en\/wp-json\/wp\/v2\/media?parent=6877"}],"curies":[{"name":"wp","href":"https:\/\/api.w.org\/{rel}","templated":true}]}}