{"id":709,"date":"2016-03-13T19:15:05","date_gmt":"2016-03-13T23:15:05","guid":{"rendered":"http:\/\/centroenergia.cl\/?page_id=709"},"modified":"2020-01-21T10:09:45","modified_gmt":"2020-01-21T14:09:45","slug":"ayllu-solar","status":"publish","type":"page","link":"https:\/\/centroenergia.cl\/en\/proyectos\/seleccion-de-proyectos\/ayllu-solar\/","title":{"rendered":"Solar Ayllu"},"content":{"rendered":"[vc_row][vc_column width=&#8221;1\/2&#8243;][vc_single_image image=&#8221;835&#8243; add_caption=&#8221;yes&#8221; style=&#8221;vc_box_rounded&#8221;][vcex_spacing size=&#8221;20px&#8221;][vc_message message_box_color=&#8221;warning&#8221; icon_fontawesome=&#8221;fa fa-check-square&#8221;]<strong><span style=\"font-size: 18px;\">Team<\/span><\/strong><\/p>\n<ul>\n<li>Guillermo Jim\u00e9nez<\/li>\n<li>Rodrigo Palma<\/li>\n<li>Marcia Montedonico<\/li>\n<li>Carlos Arenas<\/li>\n<li>Felipe Valencia<\/li>\n<li>Marco Lofat de Fundaci\u00f3n Chile<\/li>\n<li>Lorena Cornejo. Universidad de Tarapac\u00e1 de Chile<\/li>\n<\/ul>\n[\/vc_message][vc_message message_box_color=&#8221;alert-success&#8221; icon_fontawesome=&#8221;fa fa-check-square&#8221;]<span style=\"font-size: 18px;\"><strong>Lines involved<\/strong><\/span><\/p>\n<p>Smart Grids, Social-Environmental Development, Solar Energy[\/vc_message][\/vc_column][vc_column width=&#8221;1\/2&#8243;][vc_column_text]\n<p style=\"text-align: justify;\"><strong><span style=\"font-size: 18px;\">Project description<\/span><\/strong><\/p>\n<p style=\"text-align: justify;\">The project is a SERC Chile initiative. Its main goal is to create human capital in order to promote the development of urban and rural communities in the region of Arica y Parinacota through the use of solar energy.<\/p>\n<p style=\"text-align: justify;\">Solar Ayllu entails the development of several solar energy-based sustainable mechanisms accordingly with the needs of each area.<\/p>\n<p style=\"text-align: justify;\">Various academic institutions, as well as a number of undergraduate and graduate students, have taken part in this project.<\/p>\n<p style=\"text-align: justify;\"><span style=\"font-size: 18px;\"><strong>Origin and contributions<\/strong><\/span><\/p>\n<p style=\"text-align: justify;\">Solar Ayllu started operations on May 1, 2015, and will be active for a period of five years. This project is made possible thanks to the contribution of BHP Billiton foundation.<\/p>\n[\/vc_column_text][\/vc_column][\/vc_row]","protected":false},"excerpt":{"rendered":"<p>[vc_row][vc_column width=&#8221;1\/2&#8243;][vc_single_image image=&#8221;835&#8243; add_caption=&#8221;yes&#8221; style=&#8221;vc_box_rounded&#8221;][vcex_spacing size=&#8221;20px&#8221;][vc_message message_box_color=&#8221;warning&#8221; icon_fontawesome=&#8221;fa fa-check-square&#8221;]Team Guillermo Jim\u00e9nez Rodrigo Palma Marcia Montedonico Carlos Arenas Felipe Valencia Marco Lofat de Fundaci\u00f3n Chile Lorena Cornejo. Universidad de Tarapac\u00e1 de Chile [\/vc_message][vc_message message_box_color=&#8221;alert-success&#8221; icon_fontawesome=&#8221;fa fa-check-square&#8221;]Lines involved Smart Grids, Social-Environmental Development,&hellip;<\/p>\n","protected":false},"author":2,"featured_media":0,"parent":325,"menu_order":0,"comment_status":"closed","ping_status":"closed","template":"","meta":[],"_links":{"self":[{"href":"https:\/\/centroenergia.cl\/en\/wp-json\/wp\/v2\/pages\/709"}],"collection":[{"href":"https:\/\/centroenergia.cl\/en\/wp-json\/wp\/v2\/pages"}],"about":[{"href":"https:\/\/centroenergia.cl\/en\/wp-json\/wp\/v2\/types\/page"}],"author":[{"embeddable":true,"href":"https:\/\/centroenergia.cl\/en\/wp-json\/wp\/v2\/users\/2"}],"replies":[{"embeddable":true,"href":"https:\/\/centroenergia.cl\/en\/wp-json\/wp\/v2\/comments?post=709"}],"version-history":[{"count":9,"href":"https:\/\/centroenergia.cl\/en\/wp-json\/wp\/v2\/pages\/709\/revisions"}],"predecessor-version":[{"id":2080,"href":"https:\/\/centroenergia.cl\/en\/wp-json\/wp\/v2\/pages\/709\/revisions\/2080"}],"up":[{"embeddable":true,"href":"https:\/\/centroenergia.cl\/en\/wp-json\/wp\/v2\/pages\/325"}],"wp:attachment":[{"href":"https:\/\/centroenergia.cl\/en\/wp-json\/wp\/v2\/media?parent=709"}],"curies":[{"name":"wp","href":"https:\/\/api.w.org\/{rel}","templated":true}]}}