{"id":724,"date":"2016-03-13T22:04:13","date_gmt":"2016-03-14T02:04:13","guid":{"rendered":"http:\/\/centroenergia.cl\/?page_id=724"},"modified":"2023-01-31T15:58:49","modified_gmt":"2023-01-31T19:58:49","slug":"ambitos-de-accion","status":"publish","type":"page","link":"https:\/\/centroenergia.cl\/en\/ambitos-de-accion\/","title":{"rendered":"Developments"},"content":{"rendered":"[vc_row][vc_column width=&#8221;2\/3&#8243;][vc_column_text css=&#8221;.vc_custom_1590436737334{margin-top: 30px !important;}&#8221;]\n<p style=\"font-weight: 400; text-align: justify;\">El Centro de Energ\u00eda de la Universidad de Chile tiene tres ejes de acci\u00f3n que marcan su quehacer: Estudios, Formaci\u00f3n y Soluciones Tecnol\u00f3gicas. Esta inspiraci\u00f3n, que parte de los principios orientadores de la Universidad de Chile, encauza el trabajo del CE a trav\u00e9s de una estrecha relaci\u00f3n con la industria y el sector p\u00fablico, organismos regionales y colaboraciones acad\u00e9micas nacionales e internacionales.<\/p>\n[\/vc_column_text][vc_single_image image=&#8221;2094&#8243;][\/vc_column][vc_column width=&#8221;1\/3&#8243;][\/vc_column][\/vc_row]","protected":false},"excerpt":{"rendered":"<p>[vc_row][vc_column width=&#8221;2\/3&#8243;][vc_column_text css=&#8221;.vc_custom_1590436737334{margin-top: 30px !important;}&#8221;] El Centro de Energ\u00eda de la Universidad de Chile tiene tres ejes de acci\u00f3n que marcan su quehacer: Estudios, Formaci\u00f3n y Soluciones Tecnol\u00f3gicas. Esta inspiraci\u00f3n, que parte de los principios orientadores de la Universidad de&hellip;<\/p>\n","protected":false},"author":2,"featured_media":0,"parent":0,"menu_order":0,"comment_status":"closed","ping_status":"closed","template":"","meta":[],"_links":{"self":[{"href":"https:\/\/centroenergia.cl\/en\/wp-json\/wp\/v2\/pages\/724"}],"collection":[{"href":"https:\/\/centroenergia.cl\/en\/wp-json\/wp\/v2\/pages"}],"about":[{"href":"https:\/\/centroenergia.cl\/en\/wp-json\/wp\/v2\/types\/page"}],"author":[{"embeddable":true,"href":"https:\/\/centroenergia.cl\/en\/wp-json\/wp\/v2\/users\/2"}],"replies":[{"embeddable":true,"href":"https:\/\/centroenergia.cl\/en\/wp-json\/wp\/v2\/comments?post=724"}],"version-history":[{"count":56,"href":"https:\/\/centroenergia.cl\/en\/wp-json\/wp\/v2\/pages\/724\/revisions"}],"predecessor-version":[{"id":6466,"href":"https:\/\/centroenergia.cl\/en\/wp-json\/wp\/v2\/pages\/724\/revisions\/6466"}],"wp:attachment":[{"href":"https:\/\/centroenergia.cl\/en\/wp-json\/wp\/v2\/media?parent=724"}],"curies":[{"name":"wp","href":"https:\/\/api.w.org\/{rel}","templated":true}]}}