{"id":726,"date":"2016-03-14T07:06:49","date_gmt":"2016-03-14T11:06:49","guid":{"rendered":"http:\/\/centroenergia.cl\/?page_id=726"},"modified":"2016-12-06T12:00:33","modified_gmt":"2016-12-06T16:00:33","slug":"difusion-y-extension","status":"publish","type":"page","link":"https:\/\/centroenergia.cl\/en\/ambitos-de-accion\/difusion-y-extension\/","title":{"rendered":"Outreach and Promotion"},"content":{"rendered":"[vc_row][vc_column][vc_custom_heading text=&#8221;Participation in Congresses&#8221; font_container=&#8221;tag:h2|font_size:18|text_align:left&#8221; use_theme_fonts=&#8221;yes&#8221;][vcex_spacing][vc_tta_accordion active_section=&#8221;&#8221; collapsible_all=&#8221;true&#8221;][vc_tta_section title=&#8221;Participation in Congresses 2016&#8243; tab_id=&#8221;1468355538496-8903bf6a-d27d&#8221;][vc_column_text]\n<ul>\n<li><strong>Southern Modeling Forum<\/strong>, part of the MAPS Chile project. Rodrigo Palma attended as a member of the committee. Cape Town, South Africa. March 2016.<\/li>\n<li><strong>2016 IEEE Region 9 Regional meeting Trinidad and Tobago<\/strong>, Chile division. Attendee: Rodrigo Palma. March 2016.<\/li>\n<li>Presentations \u201cPlaneaci\u00f3n y an\u00e1lisis de la operaci\u00f3n de una micro red inteligente\u201d and \u201cRegulaci\u00f3n actual sobre la instalaci\u00f3n y remuneraci\u00f3n de Energ\u00edas Alternativas en Chile\u201d given by Guillermo Jim\u00e9nez at the Universidad Nacional de Colombia, Campus Manizales. March<\/li>\n<li>Meetings with the Unidad de Planificaci\u00f3n Minero Energ\u00e9tica to coordinate joint activities and development in the field of hydrothermal modeling. Attendee: Marcelo Matus. Colombia. March 2016.<\/li>\n<\/ul>\n[\/vc_column_text][\/vc_tta_section][vc_tta_section title=&#8221;Participation in Congresses 2015&#8243; tab_id=&#8221;1468355538611-b7b518c9-a064&#8243;][vc_column_text]\n<ul>\n<li><strong>Development and Mitigation Futures: Maps &amp; DDPP Experiences. Annual Conference of Parties (COP 21), 6<sup>th<\/sup> Annual Sustainable Innovation Forum 2015. Paris, France. December 2015. <\/strong><\/li>\n<li><strong>SolarPACES 2015<\/strong>. Presentation of the work \u201c<strong>CSP in Chile<\/strong>\u201d. Cape Town, South Africa. October 2015.<\/li>\n<li><strong>2015 IEEE PES GENERAL MEETING. Presentation of the work <\/strong>\u201c<strong>Microgrid Coordination Control Issues for a Rolling Horizon Operation Strategy\u201d. Denver, United States. July 2015.<\/strong><\/li>\n<li><strong>2015 Tech Tour 2015<\/strong> as part of the SERC-Chile project, including visits to the NREL (Denver), the Sandia National Laboratories (Albuquerque), and University of Arizona (Tucson). June 2015.<\/li>\n<li><strong>Consejo Cono Sur Annual Meeting<\/strong>, as President of the Chile division for the IEEE. Monterrey, Mexico. March 2015.<\/li>\n<li><strong>STAGES Project annual conference<\/strong>, Seventh EU Framework Programme, scientific and technological alliance to guarantee the European excellence in Concentrating Solar Power. Perpignan, France. January 2015.<\/li>\n<\/ul>\n[\/vc_column_text][\/vc_tta_section][vc_tta_section title=&#8221;Participation in Congresses 2014&#8243; tab_id=&#8221;1468356092076-4c9a5783-83e1&#8243;][vc_column_text]\n<ul>\n<li style=\"text-align: justify;\"><strong>20th Conference of the Parties<\/strong> to the United Nations Framework Convention on Climate Change. Lima, Peru. December 2014.<\/li>\n<li style=\"text-align: justify;\"><strong>2014 Tianjin Symposium on Microgrids. Tianjin, China. \u201cSurvey of Microgrid R&amp;D in Latin America\u201d.<\/strong>November 2014<strong>.<\/strong><\/li>\n<li style=\"text-align: justify;\"><strong>Econ Lab III Workshop<\/strong>, organized by MAPS International and CDKN Climate &amp; Development Knowledge Network. Cape Town, South Africa. \u201c<strong>Analysis methodology for long-term reduction of greenhouse gas emissions scenarios, horizon 2030-2050\u201d<\/strong>. November 2014.<\/li>\n<li style=\"text-align: justify;\"><strong>Workshop on Control Systems and Energy Efficiency in Latin America.<\/strong>Bogot\u00e1. October 2014.<\/li>\n<li style=\"text-align: justify;\"><strong>France-Spain-Germany Technology Mission Tour<\/strong>, as part of the SERC-Chile project, focused on technological advances in prominent solar research centers. May 2014.<\/li>\n<li style=\"text-align: justify;\"><strong>Low-Carbon Technology discussion table<\/strong>, organized by the Columbia University and the United Nations Sustainable Development Solutions Network (SDSN). October 2014. <strong>The long term vision for Solar Energy in South America.<\/strong><\/li>\n<li style=\"text-align: justify;\"><strong>2014 IEEE Power &amp; Energy Society General Meeting<\/strong>. Washington DC, United States. July 2014.<\/li>\n<li style=\"text-align: justify;\"><strong>MAPS, Intended Nationally Determined Contributions<\/strong> (INDC) Lab. Lima, Peru. July 2014.<\/li>\n<li style=\"text-align: justify;\"><strong>University of Auckland EPOC\u2019s workshop<\/strong>. New Zealand. July 2014.<\/li>\n<\/ul>\n[\/vc_column_text][\/vc_tta_section][vc_tta_section title=&#8221;Participation in Congresses 2013&#8243; tab_id=&#8221;1468356927323-cf7d2536-962d&#8221;][vc_column_text]\n<ul>\n<li style=\"text-align: justify;\"><strong>International Conference on robotics, Automotive Engineering and Energy (ICRAEE 2013)<\/strong>, Aguas Calientes, Mexico. <strong>\u201cIntegraci\u00f3n masiva de energ\u00eda variable renovable en los sistemas el\u00e9ctricos de potencia\u201d.<\/strong> Rodrigo Palma B., November 2013<strong>.<\/strong><\/li>\n<li style=\"text-align: justify;\"><strong>EconLab II Workshop<\/strong>. Rio de Janeiro, Brazil. \u201c<strong>Results Quantitatively, to Understand Similarities and Differences, Carbon Pricing<\/strong>\u201d. Dr. Rodrigo Palma, October 2013.<\/li>\n<li style=\"text-align: justify;\"><strong>4<sup>th<\/sup> Seminario Latinoamericano de Generaci\u00f3n Distribuida<\/strong>. \u201cRenewable Energies and Opportunities for Everyone\u201d. Foz do Igua\u00e7u, Brazil. \u201c<strong>Microrredes Inteligentes como soluci\u00f3n para la Electrificaci\u00f3n de Comunidades Aisladas<\/strong>\u201d. Dr. Guillermo Jim\u00e9nez. September 2013.<\/li>\n<li style=\"text-align: justify;\"><strong>2013 IEEE Power &amp; Energy Society General Meeting<\/strong>. Vancouver, Canada. \u201c<strong>Social SCADA and V2G opportunities in <\/strong><strong>Isolated Microgrids\u201d<\/strong>. Dr. Rodrigo Palma \u2013 Dr. Guillermo Jim\u00e9nez. July 2013.<\/li>\n<li style=\"text-align: justify;\"><strong>APEC new and Renewable Energy Technology Development and Application Forum<\/strong>. Kunming, China. Dr. Rodrigo Palma. July 2013.<\/li>\n<li style=\"text-align: justify;\"><strong>Seminario energ\u00edas renovables en pa\u00edses de Latinoam\u00e9rica<\/strong>. La Paz, Bolivia. \u201c<strong>Desarrollo de Veh\u00edculos El\u00e9ctricos a Base de Energ\u00eda Renovable para Comunidades Rurales de la Regi\u00f3n\u201d<\/strong>. Dr. Guillermo Jim\u00e9nez Est\u00e9vez. April 2013.<\/li>\n<li style=\"text-align: justify;\"><strong>4th ELAEE Conference<\/strong>. Montevideo, Uruguay. <strong>\u201cThe Value of Wind Investments in Chilean and New Zealand Electricity Markets\u201d<\/strong>. Sebasti\u00e1n Puschel. March 2013.<\/li>\n<\/ul>\n[\/vc_column_text][\/vc_tta_section][vc_tta_section title=&#8221;Participation in Congresses 2012&#8243; tab_id=&#8221;1468357006361-c5cdf90d-ffd6&#8243;][vc_column_text]\n<ul>\n<li style=\"text-align: justify;\"><strong>\u00c9vora 2012 Symposium on Microgrids<\/strong>. \u00c9vora, Portugal. \u201c<strong>Juan Fern\u00e1ndez Island Project Latin American Developments\u201d. <\/strong> Guillermo Jim\u00e9nez Est\u00e9vez. September 2012.<\/li>\n<li style=\"text-align: justify;\"><strong>Future Energy and Research Challenges.<\/strong> University of Auckland. Auckland, New Zealand.\u00a0 \u201c<strong>Renewables &amp; Transmission Expansion\u201d.<\/strong> Rodrigo Palma Behnke. August 2012.<\/li>\n<li style=\"text-align: justify;\"><strong>2012 IEEE Pes General Meeting<\/strong>. San Diego, California, United States.\u00a0\u201c<strong>Trends in Microgrid Control<\/strong>\u201d. Dr. Rodrigo Palma Behnke, July 2012.<\/li>\n<li style=\"text-align: justify;\"><strong>2012 IEEE Pes General Meeting<\/strong>. San Diego, California, United States. \u201c<strong>Smart Grid Solutions for Rural Areas\u201d,<\/strong> Guillermo Jim\u00e9nez Est\u00e9vez, July 2012.<\/li>\n<li style=\"text-align: justify;\"><strong>Chile-Switzerland Electric Energy Workshop<\/strong>. Lausanne, Switzerland. \u201c<strong>Electric Power Systems Workshop\u201d,<\/strong> Rodrigo Palma Behnke, June 2012.<\/li>\n<li style=\"text-align: justify;\"><strong>Seminario Internacional de Mercados Inteligentes<\/strong>. Bogot\u00e1, Colombia. \u201c<strong>Diversificaci\u00f3n de la Generaci\u00f3n e Incentivos Regulatorios<\/strong>. Dr. Guillermo Jim\u00e9nez Est\u00e9vez. June 2012.<\/li>\n<li style=\"text-align: justify;\"><strong>Mitigation Action Plans and Scenarios Leadership Lab<\/strong> workshop (MAPS Chile Project). Rio de Janeiro, Brazil.\u00a0\u201c<strong>Opciones de Mitigaci\u00f3n para Enfrentar el Cambio Clim\u00e1tico\u201d.<\/strong> Rodrigo Palma Behnke, April 2012.<\/li>\n<li style=\"text-align: justify;\"><strong>2012 IEEE PES Innovative Smart Grid Technologies Conference<\/strong>. District of Columbia, United States. \u201c<strong>Smart Grid in Latin America: Opportunities, Developments and Trends<\/strong>\u201d. Dr. Rodrigo Palma Behnke. January 2012.<\/li>\n<\/ul>\n[\/vc_column_text][\/vc_tta_section][\/vc_tta_accordion][vcex_spacing][vc_custom_heading text=&#8221;Participation in Workshops, Seminars, National Conferences&#8221; font_container=&#8221;tag:h2|font_size:18|text_align:left&#8221; use_theme_fonts=&#8221;yes&#8221;][vcex_spacing][vc_tta_accordion active_section=&#8221;&#8221; collapsible_all=&#8221;true&#8221;][vc_tta_section title=&#8221;Workshops carried out conjointly with the Centro de Energ\u00edas Renovables and Centro de Energ\u00eda of the Universidad de Chile.&#8221; tab_id=&#8221;1468358428092-42693cb6-05fd&#8221;][vc_column_text]<span style=\"font-size: 16px;\"><strong><a href=\"http:\/\/truall.com\/clientes\/cev2\/desarrollos\/participacion-en-talleres-seminarios-y-charlas-nacionales\/#1458854566530-d18caa0a-977a\" target=\"_blank\">For project developers<\/a><\/strong><\/span><\/p>\n<ul>\n<li>Structuring NCRE projects workshop \u2013 July 11, 2012<\/li>\n<li>Energy trade in the Chilean electricity system workshop &#8211; August 10, 2012<\/li>\n<li>Funding NCRE projects workshop \u2013September 12, 2012<\/li>\n<li>Connection of NCRE projects workshop \u2013 October 18, 2012<\/li>\n<li>Development of thermosolar projects workshop \u2013 November 27, 28, 2012<\/li>\n<li>Development of PV solar projects \u2013 December 4, 5, 2012<\/li>\n<\/ul>\n<p><span style=\"font-size: 16px;\"><strong><a href=\"http:\/\/truall.com\/clientes\/cev2\/desarrollos\/participacion-en-talleres-seminarios-y-charlas-nacionales\/#1458854611831-2cb43520-51d4\" target=\"_blank\">Financial institutions<\/a><\/strong><\/span><\/p>\n<ul>\n<li>Wind power workshop &#8211; August 7, 2012<\/li>\n<li>Risks associated to solar projects workshop \u2013 October 24, 2012<\/li>\n<\/ul>\n[\/vc_column_text][\/vc_tta_section][vc_tta_section title=&#8221;Other Seminars and National Workshops&#8221; tab_id=&#8221;1468358428304-bfabf320-75c8&#8243;][vc_column_text]\n<p style=\"text-align: justify;\"><strong><span style=\"font-size: 16px;\"><a href=\"http:\/\/truall.com\/clientes\/cev2\/desarrollos\/participacion-en-talleres-seminarios-y-charlas-nacionales\/#1458854862091-ade3abe8-ce58\" target=\"_blank\">Other activities<\/a><\/span><\/strong><\/p>\n<ul style=\"text-align: justify;\">\n<li>Rodrigo Palma and Guillermo Jim\u00e9nez give presentations on wind power and smart grids. Regional workshops on renewable energy solutions. Coyhaique, Punta Arenas, Puerto Montt, Puc\u00f3n, Valdivia, and Santiago. 2009.<\/li>\n<li>Rigoberto Torres \u00c1vila: \u201cProyecci\u00f3n de demanda sistema el\u00e9ctrico San Pedro de Atacama\u201d, Photovoltaic power station in San Pedro de Atacama. San Pedro de Atacama. September 23, 2009.<\/li>\n<li>Rigoberto Torres \u00c1vila: \u201cActividades y desarrollos del Centro de Energ\u00eda\u201d. UNTEC \u2013 Barrick Zald\u00edvar workshop. Antofagasta. November 25, 2009.<\/li>\n<li>Rigoberto Torres \u00c1vila: \u201cProyecci\u00f3n de demanda sistema el\u00e9ctrico San Pedro de Atacama\u201d. Roadshow: Tenders for the construction of solar projects in Chile. Santiago. December 2009.<\/li>\n<\/ul>\n<p style=\"text-align: justify;\"><strong><span style=\"font-size: 16px;\"><a href=\"http:\/\/truall.com\/clientes\/cev2\/desarrollos\/participacion-en-talleres-seminarios-y-charlas-nacionales\/#1458854862283-9818cc8d-190f\" target=\"_blank\">Previous years<\/a><\/span><\/strong><\/p>\n<ul>\n<li style=\"text-align: justify;\">Rodrigo Palma, Guillermo Jim\u00e9nez, Pilar Moraga: \u201cBarreras de Mercado al Fomento de las ERNC\u201d, IV Conference of Environmental Law, Universidad de Chile, June 25, 26, 2008 (article presented and registered in the conference journal).<\/li>\n<li style=\"text-align: justify;\">Rodrigo Palma, Carlos Gherardelli, Francisco Gracia, Patricio Mendoza, Claudio Vergara, Manuel Vargas: \u201cGEVI, a Virtual Power Plant Initiative for Chile\u201d. 2008 Puc\u00f3n Symposium; 5th AccessNova Forum: Ubiquitous Networks for New Advanced Applications. May 2008.<\/li>\n<li style=\"text-align: justify;\">Rodrigo Palma: \u201cMapa y Proyectos de Generaci\u00f3n El\u00e9ctrica \u2013 Una Visi\u00f3n General\u201d. ELECGAS, VII Encuentro Energ\u00e9tico, May 27, 28, 2008.<\/li>\n<li style=\"text-align: justify;\">Rodrigo Palma: \u201cLa Energ\u00eda en Chile: Situaci\u00f3n Actual y Futura\u201d. ACHS, 2008 Risk Prevention Experts Annual Meeting. April 29, 2008.<\/li>\n<li style=\"text-align: justify;\">Rodrigo Palma: \u201cEstudio de altos niveles de penetraci\u00f3n de energ\u00eda e\u00f3lica en el sistema el\u00e9ctrico nacional\u201d, general presentation of the state of the project and methodological approach. Wind Power Seminar, Domeyko-Energ\u00eda Project, Energy area workshop, Electrical Engineering Department, Universidad de Chile. May 8, 2008.<\/li>\n<li style=\"text-align: justify;\">Rodrigo Palma, Carlos Gherardelli, Francisco Gracia, Patricio Mendoza, Claudio Vergara, Manuel Vargas: \u201cLa iniciativa GEVI \u2013 El Primer Generador Virtual para Chile\u201d, 4\u00ba Seminario de Acercamiento Tecnol\u00f3gico. Calama. June 12, 13, 2008.<\/li>\n<li style=\"text-align: justify;\">Rodrigo Palma, Carlos Gherardelli, Francisco Gracia, Patricio Mendoza, Claudio Vergara, Manuel Vargas: \u201cGEVI, El primer Generador Virtual de Chile\u201d, Seminario Centro de Modelamiento Matem\u00e1tico, Universidad de Chile. March 2008.<\/li>\n<li style=\"text-align: justify;\">Cuadros, R, Palma: \u201cModelo Integrado de Tarificaci\u00f3n y Expansi\u00f3n de las Redes de Transmisi\u00f3n de Energ\u00eda\u201d, awarded first place in the 2003 student contest for the Chilean division of IEEE. 2003.<\/li>\n<\/ul>\n[\/vc_column_text][\/vc_tta_section][vc_tta_section title=&#8221;Lectures and Field Trips&#8221; tab_id=&#8221;1468358428535-d1ba2c82-7515&#8243;][vc_column_text]\n<p style=\"text-align: justify;\"><strong><span style=\"font-size: 16px;\"><a href=\"http:\/\/truall.com\/clientes\/cev2\/desarrollos\/participacion-en-talleres-seminarios-y-charlas-nacionales\/#1458855096047-a0ba6b4f-6902\" target=\"_blank\">Lectures 2012<\/a><\/span><\/strong><\/p>\n<ul style=\"text-align: justify;\">\n<li>Rodrigo Palma B. gives a lecture on Solar FONDAP (Priority Area Research Center Financing Fund) during ISCI (Complex Engineering Systems Institute) Strategic Planning conference. December 18 &amp; 19, 2012. Termas El Coraz\u00f3n.<\/li>\n<li>Andr\u00e9 Luiz Diniz: \u201cResearch Challenges in Hydrothermal Coordination\u201d, CEPEL \u2013 Electric Energy Research Center. Rio de Janeiro, Brazil. September 2012.<\/li>\n<\/ul>\n<p style=\"text-align: justify;\"><strong><span style=\"font-size: 16px;\"><a href=\"http:\/\/truall.com\/clientes\/cev2\/desarrollos\/participacion-en-talleres-seminarios-y-charlas-nacionales\/#1458855217347-61d9bf45-c780\" target=\"_blank\">Lectures 2011<\/a><\/span><\/strong><\/p>\n<ul style=\"text-align: justify;\">\n<li>MS Jos\u00e9 Luis Cerda: \u201c<a href=\"http:\/\/centroenergia.cl\/ce-fcfm\/wp-content\/uploads\/2011\/03\/28.03.11_UCHILE.pdf\">Modelo de planificaci\u00f3n para la integraci\u00f3n y expansi\u00f3n de fuentes a base de energ\u00edas renovables bajo la seguridad de suministro<\/a>\u201d, Universidad Tecnol\u00f3gica de Ilmenau. March 2011.<\/li>\n<li><a href=\"http:\/\/centroenergia.cl\/ce-fcfm\/wp-content\/uploads\/2011\/06\/Microhidro.htm\">Seminario Microcentrales Hidroel\u00e9ctricas, Tendencias e Investigaci\u00f3n<\/a>. May 31, 2011. Pontificia Universidad Cat\u00f3lica de Chile, Casa Central.<\/li>\n<\/ul>\n<p style=\"text-align: justify;\"><strong><span style=\"font-size: 16px;\"><a href=\"http:\/\/truall.com\/clientes\/cev2\/desarrollos\/participacion-en-talleres-seminarios-y-charlas-nacionales\/#1458855096252-560da42e-c744\">Field Trips<\/a><\/span><\/strong><\/p>\n<ul>\n<li style=\"text-align: justify;\">October 2012: Field trip to Alto Jahuel sub-station, coordinated by Rodrigo Palma B, profesor for the course \u201cMercados Internacionales de la Energ\u00eda\u201d.<\/li>\n<li style=\"text-align: justify;\">September 2012: Field trip to Central General La Puntilla, coordinated by Rodrigo Palma B, profesor for the course \u201cMercados Internacionales de la Energ\u00eda\u201d.<\/li>\n<li style=\"text-align: justify;\">June 2012: Field trip to Central Florida de El\u00e9ctrica Puntilla, coordinated by Rodrigo Palma B, profesor for the course \u201cSistemas de Energ\u00eda y Equipos El\u00e9ctricos\u201d.<\/li>\n<li style=\"text-align: justify;\">April 2011: Field trip to Rapel power station, coordinated by Rodrigo Palma B, profesor for the course \u201cSistemas de Energ\u00eda y Equipos El\u00e9ctricos\u201d.<\/li>\n<\/ul>\n[\/vc_column_text][\/vc_tta_section][\/vc_tta_accordion][\/vc_column][\/vc_row]","protected":false},"excerpt":{"rendered":"<p>[vc_row][vc_column][vc_custom_heading text=&#8221;Participation in Congresses&#8221; font_container=&#8221;tag:h2|font_size:18|text_align:left&#8221; use_theme_fonts=&#8221;yes&#8221;][vcex_spacing][vc_tta_accordion active_section=&#8221;&#8221; collapsible_all=&#8221;true&#8221;][vc_tta_section title=&#8221;Participation in Congresses 2016&#8243; tab_id=&#8221;1468355538496-8903bf6a-d27d&#8221;][vc_column_text] Southern Modeling Forum, part of the MAPS Chile project. Rodrigo Palma attended as a member of the committee. Cape Town, South Africa. March 2016. 2016 IEEE Region&hellip;<\/p>\n","protected":false},"author":2,"featured_media":0,"parent":724,"menu_order":0,"comment_status":"closed","ping_status":"closed","template":"","meta":[],"_links":{"self":[{"href":"https:\/\/centroenergia.cl\/en\/wp-json\/wp\/v2\/pages\/726"}],"collection":[{"href":"https:\/\/centroenergia.cl\/en\/wp-json\/wp\/v2\/pages"}],"about":[{"href":"https:\/\/centroenergia.cl\/en\/wp-json\/wp\/v2\/types\/page"}],"author":[{"embeddable":true,"href":"https:\/\/centroenergia.cl\/en\/wp-json\/wp\/v2\/users\/2"}],"replies":[{"embeddable":true,"href":"https:\/\/centroenergia.cl\/en\/wp-json\/wp\/v2\/comments?post=726"}],"version-history":[{"count":13,"href":"https:\/\/centroenergia.cl\/en\/wp-json\/wp\/v2\/pages\/726\/revisions"}],"predecessor-version":[{"id":6457,"href":"https:\/\/centroenergia.cl\/en\/wp-json\/wp\/v2\/pages\/726\/revisions\/6457"}],"up":[{"embeddable":true,"href":"https:\/\/centroenergia.cl\/en\/wp-json\/wp\/v2\/pages\/724"}],"wp:attachment":[{"href":"https:\/\/centroenergia.cl\/en\/wp-json\/wp\/v2\/media?parent=726"}],"curies":[{"name":"wp","href":"https:\/\/api.w.org\/{rel}","templated":true}]}}