{"id":759,"date":"2016-03-24T17:30:16","date_gmt":"2016-03-24T21:30:16","guid":{"rendered":"http:\/\/centroenergia.cl\/?page_id=759"},"modified":"2016-07-14T16:49:44","modified_gmt":"2016-07-14T20:49:44","slug":"participacion-en-talleres-seminarios-y-charlas-nacionales","status":"publish","type":"page","link":"https:\/\/centroenergia.cl\/en\/ambitos-de-accion\/participacion-en-talleres-seminarios-y-charlas-nacionales\/","title":{"rendered":"Participation in Workshops, Seminars, National Conferences"},"content":{"rendered":"[vc_row][vc_column][vc_column_text css=&#8221;.vc_custom_1458854760497{margin-bottom: 20px !important;}&#8221;]<span style=\"font-size: 18px;\">Talleres Realizados en conjunto con el Centro de Energ\u00edas Renovables y Centro de Energ\u00eda de la Universidad de Chile.<\/span>[\/vc_column_text][vc_tta_accordion active_section=&#8221;&#8221; collapsible_all=&#8221;true&#8221;][vc_tta_section title=&#8221;A Desarrolladores de proyectos&#8221; tab_id=&#8221;1458854566530-d18caa0a-977a&#8221;][vc_column_text]\n<ul>\n<li>Taller de Estructuraci\u00f3n de Proyectos ERNC \u2013 11 de Julio de 2012<\/li>\n<li>Taller de Comercializaci\u00f3n de Energ\u00eda en el sistema el\u00e9ctrico chileno \u2013 10 de Agosto de 2012<\/li>\n<li>Taller sobre Financiamiento de Proyectos ERNC \u2013 12 de Septiembre de 2012<\/li>\n<li>Taller de Conexi\u00f3n de Proyectos de ERNC \u2013 18 de Octubre de 2012<\/li>\n<li>Taller de Desarrollo de Proyectos Solar T\u00e9rmicos \u2013 27-28 de Noviembre de 2012<\/li>\n<li>Taller de Desarrollo de Proyectos Solar PV \u2013 4-5 de Diciembre de 2012<\/li>\n<\/ul>\n[\/vc_column_text][\/vc_tta_section][vc_tta_section title=&#8221;A Entidades Financieras&#8221; tab_id=&#8221;1458854611831-2cb43520-51d4&#8243;][vc_column_text]\n<ul>\n<li>Taller sobre energ\u00eda e\u00f3lica \u2013 07 de Agosto de 2012<\/li>\n<li>Taller sobre Riesgos asociados a Proyectos Solares \u2013 24 de Octubre de 2012<\/li>\n<\/ul>\n[\/vc_column_text][\/vc_tta_section][\/vc_tta_accordion][\/vc_column][\/vc_row][vc_row][vc_column][vc_column_text css=&#8221;.vc_custom_1458854895968{margin-bottom: 20px !important;}&#8221;]<span style=\"font-size: 18px;\">Otros Seminarios y Talleres Nacionales<\/span>[\/vc_column_text][vc_tta_accordion active_section=&#8221;&#8221; collapsible_all=&#8221;true&#8221;][vc_tta_section title=&#8221;Otras actividades&#8221; tab_id=&#8221;1458854862091-ade3abe8-ce58&#8243;][vc_column_text]\n<ul>\n<li>Rodrigo Palma y Guillermo Jim\u00e9nez en presentaciones sobre energ\u00eda e\u00f3lica y redes inteligentes.\u00a0Talleres regionales de Soluciones con Energ\u00eda Renovable. Coyhaique, Punta Arenas, Puerto Montt, Puc\u00f3n, Valdivia y Santiago. 2009.<\/li>\n<\/ul>\n<ul>\n<li>Rigoberto Torres Avila, \u201cProyecci\u00f3n de demanda sistema el\u00e9ctrico San Pedro de Atacama\u201d\u00a0Proyecto Granja Fotovoltaica en San Pedro de Atacama, San Pedro de Atacama, Septiembre 23 de 2009.<\/li>\n<\/ul>\n<ul>\n<li>Rigoberto Torres Avila, \u201cActividades y desarrollos del Centro de Energ\u00eda\u201d.\u00a0Taller UNTEC \u2013 Barrick Zald\u00edvar, Antofagasta, Noviembre 25 de 2009.<\/li>\n<\/ul>\n<ul>\n<li>Rigoberto Torres Avila, \u201cProyecci\u00f3n de demanda sistema el\u00e9ctrico San Pedro de Atacama\u201d.\u00a0Roadshow: Licitaciones para la construcci\u00f3n de proyectos solares en Chile, Santiago, Diciembre de 2009.<\/li>\n<\/ul>\n[\/vc_column_text][\/vc_tta_section][vc_tta_section title=&#8221;A\u00f1os Anteriores&#8221; tab_id=&#8221;1458854862283-9818cc8d-190f&#8221;][vc_column_text]\n<ul>\n<li>Palma Rodrigo, Jim\u00e9nez Guillermo, Moraga Pilar, \u201cBarreras de Mercado al Fomento de las ERNC\u201d, IV Jornadas de Derecho Ambiental, Universidad de Chile, 25, 26 de junio 2008 (art\u00edculo presentado y registrado en los anales de la Jornada).<\/li>\n<\/ul>\n<ul>\n<li>Rodrigo Palma, Carlos Gherardelli, Francisco Gracia, Patricio Mendoza, Claudio Vergara, Manuel Vargas, \u201cGEVI, a Virtual Power Plant Initiative for Chile\u201d, Puc\u00f3n Symposium 2008 5th AccessNova Forum: Ubiquitous Networks for New Advanced Applications, mayo, 2008.<\/li>\n<\/ul>\n<ul>\n<li>Rodrigo Palma, \u201cMapa y Proyectos de Generaci\u00f3n El\u00e9ctrica \u2013 Una Visi\u00f3n General\u201d, ELECGAS, VII Encuentro Energ\u00e9tico, 27 y 28 de mayo, 2008.<\/li>\n<\/ul>\n<ul>\n<li>Rodrigo Palma, \u201cLa Energ\u00eda en Chile: Situaci\u00f3n Actual y Futura\u201d, ACHS, Reuni\u00f3n Anual de Expertos en Prevenci\u00f3n de Riesgos 2008, 29 de abril, 2008.<\/li>\n<\/ul>\n<ul>\n<li>Rodrigo Palma, \u201cEstudio de altos niveles de penetraci\u00f3n de energ\u00eda e\u00f3lica en el sistema el\u00e9ctrico nacional\u201d, Presentaci\u00f3n general del estado de avance del proyecto y enfoque metodol\u00f3gico, Seminario de Energ\u00eda E\u00f3lica, Proyecto Domeyko-Energ\u00eda, Workshop Area de Energ\u00eda, DIE, Universidad de Chile, 8 de mayo, 2008.<\/li>\n<\/ul>\n<ul>\n<li>Rodrigo Palma, Carlos Gherardelli, Francisco Gracia, Patricio Mendoza, Claudio Vergara, Manuel Vargas, \u201cLa iniciativa GEVI \u2013 El Primer Generador Virtual para Chile\u201d, 4\u00ba Seminario de Acercamiento Tecnol\u00f3gico, Calama, 12 y 13 de junio, 2008.<\/li>\n<\/ul>\n<ul>\n<li>Rodrigo Palma, Carlos Gherardelli, Francisco Gracia, Patricio Mendoza, Claudio Vergara, Manuel Vargas, \u201cGEVI, El primer Generador Virtual de Chile\u201d, Seminario Centro de Modelamiento Matem\u00e1tico, Universidad de Chile, marzo, 2008.<\/li>\n<\/ul>\n<ul>\n<li>Cuadros, R., Palma, R, \u201cModelo Integrado de Tarificaci\u00f3n y Expansi\u00f3n de las Redes de Transmisi\u00f3n de Energ\u00eda\u201d, Trabajo que obtuvo el primer lugar en el concurso de estudiantes 2003 de la Secci\u00f3n Chile del IEEE, 2003.<\/li>\n<\/ul>\n[\/vc_column_text][\/vc_tta_section][\/vc_tta_accordion][\/vc_column][\/vc_row][vc_row][vc_column][vc_column_text css=&#8221;.vc_custom_1458855154095{margin-bottom: 20px !important;}&#8221;]<span style=\"font-size: 18px;\">Charlas y Salidas a Terreno<br \/>\n<\/span>[\/vc_column_text][vc_tta_accordion active_section=&#8221;&#8221; collapsible_all=&#8221;true&#8221;][vc_tta_section title=&#8221;Charlas 2012&#8243; tab_id=&#8221;1458855096047-a0ba6b4f-6902&#8243;][vc_column_text]\n<ul>\n<li>Dr. Rodrigo Palma B. realiza Charla Sobre Fondap Solar en Jornada Planificaci\u00f3n Estrat\u00e9gica ISCI, 18 y 19 de Diciembre 2012, Termas El Coraz\u00f3n.<\/li>\n<li>Dr. Andr\u00e9 Luiz Diniz, \u201c<a href=\"http:\/\/centroenergia.cl\/ce-fcfm\/wp-content\/uploads\/2013\/11\/Presentation_AndreDiniz_CentroEnergia-fcfm_2012-09-12.pdf\" target=\"_blank\">Research Challenges in Hydrothermal Coordination<\/a>\u201c,\u00a0 CEPEL \u2013 Electric Energy Research Center \u2013 Rio de Janeiro, Brazil. Septiembre 2012.<\/li>\n<\/ul>\n[\/vc_column_text][\/vc_tta_section][vc_tta_section title=&#8221;Charlas 2011&#8243; tab_id=&#8221;1458855217347-61d9bf45-c780&#8243;][vc_column_text]\n<ul>\n<li>MSc. Jos\u00e9 Luis Cerda, \u201c<a href=\"http:\/\/centroenergia.cl\/ce-fcfm\/wp-content\/uploads\/2011\/03\/28.03.11_UCHILE.pdf\" target=\"_blank\">Modelo de planificaci\u00f3n para la integraci\u00f3n y expansi\u00f3n de fuentes a base de energ\u00edas renovables bajo la seguridad de suministro<\/a>\u201c, Universidad Tecnol\u00f3gica de Ilmenau, Marzo 2011.<\/li>\n<li><a title=\"Seminario Microcentrales\" href=\"http:\/\/centroenergia.cl\/ce-fcfm\/wp-content\/uploads\/2011\/06\/Microhidro.htm\" target=\"_blank\">Seminario Microcentrales Hidroel\u00e9ctricas, Tendencias e Investigaci\u00f3n<\/a>,\u00a031 de mayo de 2011, Pontificia Universidad Cat\u00f3lica de Chile, Casa Central.<\/li>\n<\/ul>\n[\/vc_column_text][\/vc_tta_section][vc_tta_section title=&#8221;Salidas a Terreno&#8221; tab_id=&#8221;1458855096252-560da42e-c744&#8243;][vc_column_text]\n<ul>\n<li>Octubre 2012:\u00a0 Visita Sub Estaci\u00f3n\u00a0 Alto Jahuel a cargo del profesor Rodrigo Palma B. del ramo Mercados Internacionales de la Energ\u00eda.<\/li>\n<\/ul>\n<ul>\n<li>Septiembre 2012: Visita a Central General La Puntilla a cargo del profesor Rodrigo Palma B. del ramo Mercados Internacionales de la Energ\u00eda.<\/li>\n<\/ul>\n<ul>\n<li>Junio 2012:\u00a0 Visita a Central Florida de El\u00e9ctrica Puntilla a cargo del profesor Rodrigo Palma B. del ramo Sistemas de Energ\u00edas y Equipos El\u00e9ctricos.<\/li>\n<\/ul>\n<ul>\n<li>Abril 2011:\u00a0 Visita a Central Rapel a cargo del profesor Rodrigo Palma B. del ramo Sistemas de Energ\u00eda y Equipos El\u00e9ctricos.<\/li>\n<\/ul>\n[\/vc_column_text][\/vc_tta_section][\/vc_tta_accordion][\/vc_column][\/vc_row]\n","protected":false},"excerpt":{"rendered":"<p>[vc_row][vc_column][vc_column_text css=&#8221;.vc_custom_1458854760497{margin-bottom: 20px !important;}&#8221;]Talleres Realizados en conjunto con el Centro de Energ\u00edas Renovables y Centro de Energ\u00eda de la Universidad de Chile.[\/vc_column_text][vc_tta_accordion active_section=&#8221;&#8221; collapsible_all=&#8221;true&#8221;][vc_tta_section title=&#8221;A Desarrolladores de proyectos&#8221; tab_id=&#8221;1458854566530-d18caa0a-977a&#8221;][vc_column_text] Taller de Estructuraci\u00f3n de Proyectos ERNC \u2013 11 de Julio de&hellip;<\/p>\n","protected":false},"author":2,"featured_media":0,"parent":724,"menu_order":0,"comment_status":"closed","ping_status":"closed","template":"","meta":[],"_links":{"self":[{"href":"https:\/\/centroenergia.cl\/en\/wp-json\/wp\/v2\/pages\/759"}],"collection":[{"href":"https:\/\/centroenergia.cl\/en\/wp-json\/wp\/v2\/pages"}],"about":[{"href":"https:\/\/centroenergia.cl\/en\/wp-json\/wp\/v2\/types\/page"}],"author":[{"embeddable":true,"href":"https:\/\/centroenergia.cl\/en\/wp-json\/wp\/v2\/users\/2"}],"replies":[{"embeddable":true,"href":"https:\/\/centroenergia.cl\/en\/wp-json\/wp\/v2\/comments?post=759"}],"version-history":[{"count":9,"href":"https:\/\/centroenergia.cl\/en\/wp-json\/wp\/v2\/pages\/759\/revisions"}],"predecessor-version":[{"id":765,"href":"https:\/\/centroenergia.cl\/en\/wp-json\/wp\/v2\/pages\/759\/revisions\/765"}],"up":[{"embeddable":true,"href":"https:\/\/centroenergia.cl\/en\/wp-json\/wp\/v2\/pages\/724"}],"wp:attachment":[{"href":"https:\/\/centroenergia.cl\/en\/wp-json\/wp\/v2\/media?parent=759"}],"curies":[{"name":"wp","href":"https:\/\/api.w.org\/{rel}","templated":true}]}}