{"id":7784,"date":"2025-09-24T14:59:02","date_gmt":"2025-09-24T18:59:02","guid":{"rendered":"https:\/\/centroenergia.cl\/?page_id=7784"},"modified":"2025-09-26T18:26:13","modified_gmt":"2025-09-26T22:26:13","slug":"curso-sistema-gestion-energia","status":"publish","type":"page","link":"https:\/\/centroenergia.cl\/en\/curso-sistema-gestion-energia\/","title":{"rendered":"(Espa\u00f1ol) Curso: Sistemas de gesti\u00f3n de energ\u00eda (EMS) para redes de distribuci\u00f3n &#8211; VENIOS.NET 4.0"},"content":{"rendered":"[vc_row full_width=&#8221;stretch_row&#8221; css=&#8221;.vc_custom_1712767341840{margin-bottom: -40px !important;background-image: url(https:\/\/centroenergia.cl\/wp-content\/uploads\/2024\/04\/header_almacena.jpg?id=7049) !important;}&#8221;][vc_column][vc_empty_space height=&#8221;100px&#8221;][vc_row_inner][vc_column_inner][vc_empty_space height=&#8221;60px&#8221;][vc_column_text css=&#8221;.vc_custom_1712767362904{margin-top: -30px !important;}&#8221;]\n<h2><\/h2>\n<h2 style=\"text-align: right;\"><span style=\"color: #00ffff; font-family: 'Open Sans';\"><span style=\"font-size: 46px;\">Almacenamiento de energ\u00eda<\/span><\/span><\/h2>\n[\/vc_column_text][\/vc_column_inner][\/vc_row_inner][vc_empty_space height=&#8221;60px&#8221;][vc_empty_space height=&#8221;60px&#8221;][\/vc_column][\/vc_row][vc_row full_width=&#8221;stretch_row&#8221; css=&#8221;.vc_custom_1705443981697{background-color: #dd3333 !important;}&#8221;][vc_column][vc_column_text css=&#8221;.vc_custom_1729801583522{margin-top: -20px !important;}&#8221;]\n<h2 style=\"text-align: center;\"><span style=\"font-family: 'Open Sans'; color: #ffffff; font-size: 26px;\">CURSO ONLINE | NOVIEMBRE 2024 <\/span><\/h2>\n[\/vc_column_text][vc_empty_space height=&#8221;15px&#8221;][\/vc_column][\/vc_row][vc_row gap=&#8221;30&#8243;][vc_column][vc_row_inner gap=&#8221;30&#8243;][vc_column_inner width=&#8221;1\/2&#8243;][vc_column_text]\n<h2 style=\"text-align: justify;\"><span style=\"color: #199ef7;\"><strong><span style=\"font-family: 'Open Sans';\">Descripci\u00f3n general<\/span><\/strong><\/span><\/h2>\n<p style=\"text-align: justify;\">El almacenamiento jugar\u00e1 un rol clave en la crisis clim\u00e1tica y la <strong>transformaci\u00f3n energ\u00e9tica<\/strong> que Chile y el mundo requieren. En este contexto, el curso busca entregar los conocimientos t\u00e9cnicos para comprender las aplicaciones, caracter\u00edsticas\u00a0 y modelos de negocio en los que se enmarcan los distintos sistemas de almacenamiento de energ\u00eda (por ejemplo: centrales hidr\u00e1ulicas de bombeo, bater\u00edas, compresi\u00f3n de aire, flywheels, hidr\u00f3geno, etc.). Se analizar\u00e1n asimismo pol\u00edticas p\u00fablicas y regulaci\u00f3n asociada a la introducci\u00f3n de sistemas de almacenamiento en el sector el\u00e9ctrico.<\/p>\n[\/vc_column_text][vc_column_text]\n<h2 style=\"text-align: justify;\"><span style=\"color: #199ef7;\"><strong><span style=\"font-family: 'Open Sans';\">Clases<\/span><\/strong><\/span><\/h2>\n<p>El curso de Almacenamiento de Energ\u00eda tiene una duraci\u00f3n de <strong>9 horas cronol\u00f3gicas<\/strong> distribuidas. Las clases tienen una duraci\u00f3n de 1,5 horas y se realizan <strong>en vivo y de manera online<\/strong> a trav\u00e9s de la plataforma Zoom.<\/p>\n<p>Las clases se realizar\u00e1n los d\u00edas 26, 27 y 28 de noviembre; 3, 4 y 5 de diciembre de 2024 y el horario ser\u00e1 desde las 16:30 hasta las 18:00 hrs.[\/vc_column_text][\/vc_column_inner][vc_column_inner width=&#8221;1\/2&#8243;][vc_column_text]\n<h2 style=\"text-align: justify;\"><span style=\"color: #199ef7;\"><strong><span style=\"font-family: 'Open Sans';\">P\u00fablico objetivo<\/span><\/strong><\/span><\/h2>\n<p style=\"text-align: justify;\">Ingenieros el\u00e9ctricos, electr\u00f3nicos, o de \u00e1reas afines a tem\u00e1ticas de energ\u00eda.<\/p>\n[\/vc_column_text][vc_column_text]\n<h2 style=\"text-align: justify;\"><span style=\"color: #199ef7;\"><strong><span style=\"font-family: 'Open Sans';\">Certificaci\u00f3n<\/span><\/strong><\/span><\/h2>\n<p style=\"text-align: justify;\">Los alumnos que cumplan con los criterios de aprobaci\u00f3n recibir\u00e1n un certificado de participaci\u00f3n entregado por el Centro de Energ\u00eda y la Escuela de Postgrado y Educaci\u00f3n Continua de la Universidad de Chile.<\/p>\n[\/vc_column_text][vc_empty_space height=&#8221;15px&#8221;][vc_single_image image=&#8221;7051&#8243; img_size=&#8221;medium&#8221; alignment=&#8221;left&#8221;][\/vc_column_inner][\/vc_row_inner][vc_empty_space height=&#8221;15px&#8221;][\/vc_column][\/vc_row][vc_row full_width=&#8221;stretch_row&#8221; css=&#8221;.vc_custom_1712769232551{background-color: rgba(217,234,244,0.38) !important;*background-color: rgb(217,234,244) !important;}&#8221;][vc_column][vc_empty_space height=&#8221;10px&#8221;][vc_row_inner][vc_column_inner][vc_column_text]\n<h2 style=\"text-align: justify;\"><span style=\"color: #199ef7;\"><strong><span style=\"font-family: 'Open Sans';\">Programa<\/span><\/strong><\/span><\/h2>\n<p>El contenido y la duraci\u00f3n de las clases se realizar\u00e1n de acuerdo a la siguiente programaci\u00f3n.[\/vc_column_text][\/vc_column_inner][\/vc_row_inner][vc_empty_space height=&#8221;10px&#8221;][vc_empty_space height=&#8221;10px&#8221;][vc_row_inner gap=&#8221;35&#8243;][vc_column_inner width=&#8221;1\/2&#8243; css=&#8221;.vc_custom_1712769475973{border-right-width: 2px !important;padding-right: 20px !important;border-right-color: #1e73be !important;border-right-style: dotted !important;}&#8221;][vc_column_text]<span style=\"color: #333399;\"><strong>1.Introducci\u00f3n a los sistemas de almacenamiento<\/strong><\/span><\/p>\n<ul>\n<li style=\"list-style-type: none;\">\n<ul>\n<li>Conceptos generales de almacenamiento, necesidades de almacenamiento, flexibilidad.<\/li>\n<li>Tecnolog\u00edas y aplicaciones\/usos.<\/li>\n<\/ul>\n<\/li>\n<\/ul>\n<p><span style=\"color: #333399;\"><strong>2.Dise\u00f1o y dimensionamiento de sistemas de almacenamiento<\/strong><\/span><\/p>\n<ul>\n<li style=\"list-style-type: none;\">\n<ul>\n<li>Dimensionamiento \u00f3ptimo de sistemas de almacenamiento.<\/li>\n<li>Elecci\u00f3n de tecnolog\u00eda de almacenamiento en funci\u00f3n de su aplicaci\u00f3n.<\/li>\n<\/ul>\n<\/li>\n<\/ul>\n<p><span style=\"color: #333399;\"><strong>3.Desarrollo de proyectos de almacenamiento<\/strong><\/span><\/p>\n<ul>\n<li style=\"list-style-type: none;\">\n<ul>\n<li>Evaluaci\u00f3n de proyectos de almacenanamiento<\/li>\n<li>Vida \u00fatil, estado de carga, estado de salud.<\/li>\n<\/ul>\n<\/li>\n<\/ul>\n[\/vc_column_text][\/vc_column_inner][vc_column_inner width=&#8221;1\/2&#8243; css=&#8221;.vc_custom_1712769446021{padding-left: 30px !important;}&#8221;][vc_column_text]<strong style=\"color: #333399;\">4.Almacenamiento distribuido en base a bater\u00edas (BESS)<\/strong><\/p>\n<ul>\n<li style=\"list-style-type: none;\">\n<ul>\n<li>Funcionamiento de bater\u00edas, modelos anal\u00edticos, tecnolog\u00edas.<\/li>\n<li>Vida \u00fatil, estado de carga, estado de salud.<\/li>\n<\/ul>\n<\/li>\n<\/ul>\n<p><span style=\"color: #333399;\"><strong>5.Tendencias en almacenamiento<\/strong><\/span><\/p>\n<ul>\n<li style=\"list-style-type: none;\">\n<ul>\n<li>Nuevas tecnolog\u00edas y casos de an\u00e1lisis (hidr\u00f3geno, bombeo, etc.).<\/li>\n<\/ul>\n<\/li>\n<\/ul>\n<p><span style=\"color: #333399;\"><strong>6.Aspectos regulatorios y pol\u00edticas p\u00fablicas asociadas a sistemas de almacenamiento<\/strong><\/span><\/p>\n<ul>\n<li style=\"list-style-type: none;\">\n<ul>\n<li>Regulaci\u00f3n y pol\u00edticas p\u00fablicas en Chile.<\/li>\n<\/ul>\n<\/li>\n<\/ul>\n[\/vc_column_text][\/vc_column_inner][\/vc_row_inner][vc_empty_space height=&#8221;15px&#8221;][vc_empty_space height=&#8221;15px&#8221;][vc_empty_space height=&#8221;15px&#8221;][\/vc_column][\/vc_row][vc_row full_width=&#8221;stretch_row&#8221; gap=&#8221;35&#8243; css=&#8221;.vc_custom_1622051375679{background-color: #efefef !important;}&#8221;][vc_column css=&#8221;.vc_custom_1712768418447{padding-right: 40px !important;}&#8221; offset=&#8221;vc_hidden-lg vc_hidden-md vc_hidden-sm vc_hidden-xs&#8221;][vc_empty_space height=&#8221;50px&#8221;][vc_custom_heading text=&#8221;Cuerpo acad\u00e9mico&#8221; font_container=&#8221;tag:h2|text_align:center&#8221; use_theme_fonts=&#8221;yes&#8221;][vc_empty_space height=&#8221;20px&#8221;][vc_row_inner gap=&#8221;30&#8243;][vc_column_inner width=&#8221;1\/3&#8243;][vc_column_text]\n<h2 style=\"text-align: left;\"><span style=\"font-size: 16px; color: #000000;\"><strong>Carlos Benavides<\/strong><\/span><\/h2>\n[\/vc_column_text][vc_separator color=&#8221;green&#8221; align=&#8221;align_left&#8221; border_width=&#8221;4&#8243; el_width=&#8221;20&#8243; css=&#8221;.vc_custom_1706728794942{padding-top: 5px !important;padding-bottom: 20px !important;}&#8221;][vc_column_text]\n<p style=\"text-align: left;\"><span style=\"font-size: 13px; color: #000000;\">Investigador senior del Centro de Energ\u00eda.<br \/>\nProfesional con m\u00e1s 12 a\u00f1os de experiencia en temas de regulaci\u00f3n, operaci\u00f3n, planificaci\u00f3n y desarrollo de modelos en el \u00e1rea de energ\u00eda y cambio clim\u00e1tico.<br \/>\n<\/span>[\/vc_column_text][\/vc_column_inner][vc_column_inner width=&#8221;1\/3&#8243;][vc_column_text]\n<h2 style=\"text-align: left;\"><span style=\"font-size: 16px;\">Rigoberto Torres<\/span><\/h2>\n[\/vc_column_text][vc_separator color=&#8221;green&#8221; align=&#8221;align_left&#8221; border_width=&#8221;4&#8243; el_width=&#8221;20&#8243; css=&#8221;.vc_custom_1706728794942{padding-top: 5px !important;padding-bottom: 20px !important;}&#8221;][vc_column_text]\n<p style=\"text-align: left;\"><span style=\"font-size: 13px; color: #000000;\">Investigador senior del Centro de Energ\u00eda.<br \/>\nM\u00e1s de 15 a\u00f1os dedicado al an\u00e1lisis t\u00e9cnico econ\u00f3mico del sector el\u00e9ctrico, desde el dise\u00f1o de los mercados y su reglamentaci\u00f3n hasta la planificaci\u00f3n y operaci\u00f3n de los sistemas el\u00e9ctricos de potencia. Ha participado en el desarrollo y uso de diversos softwares de simulaci\u00f3n del sector el\u00e9ctrico.<br \/>\n<\/span>[\/vc_column_text][\/vc_column_inner][vc_column_inner width=&#8221;1\/3&#8243;][vc_column_text]\n<h2 style=\"text-align: left;\"><span style=\"font-size: 16px;\">Sebasti\u00e1n Gwinner<\/span><\/h2>\n[\/vc_column_text][vc_separator color=&#8221;green&#8221; align=&#8221;align_left&#8221; border_width=&#8221;4&#8243; el_width=&#8221;20&#8243; css=&#8221;.vc_custom_1706728794942{padding-top: 5px !important;padding-bottom: 20px !important;}&#8221;][vc_column_text]\n<p style=\"text-align: left;\"><span style=\"font-size: 13px; color: #000000;\">Investigador del Centro de Energ\u00eda.<br \/>\nProfesional con m\u00e1s 7 a\u00f1os de experiencia en prospectiva energ\u00e9tica, modelamiento de sistemas el\u00e9ctricos y uso de herramientas de simulaci\u00f3n del sector el\u00e9ctrico .<\/span>[\/vc_column_text][\/vc_column_inner][\/vc_row_inner][vc_empty_space height=&#8221;40px&#8221;][\/vc_column][\/vc_row][vc_row][vc_column][vc_empty_space height=&#8221;40px&#8221;][vc_row_inner][vc_column_inner width=&#8221;1\/6&#8243;][\/vc_column_inner][vc_column_inner width=&#8221;2\/3&#8243;][vc_custom_heading text=&#8221;VALORES Y FORMAS DE PAGO&#8221; font_container=&#8221;tag:h2|text_align:center&#8221; use_theme_fonts=&#8221;yes&#8221;][vc_column_text]\n<p style=\"text-align: center;\"><span style=\"font-size: 18px;\">El curso tiene un valor de<strong> $ 400.000<\/strong> pesos chilenos.<\/span><\/p>\n[\/vc_column_text][\/vc_column_inner][vc_column_inner width=&#8221;1\/6&#8243;][\/vc_column_inner][\/vc_row_inner][vc_row_inner gap=&#8221;30&#8243;][vc_column_inner width=&#8221;1\/3&#8243;][vc_column_text]\n<h2 style=\"text-align: justify;\"><span style=\"color: #199ef7;\"><strong><span style=\"font-family: 'Open Sans';\">Descuentos disponibles<\/span><\/strong><\/span><\/h2>\n<ul>\n<li><strong>25% de descuento<\/strong> por inscripci\u00f3n anticipada antes del 8 de diciembre.<\/li>\n<li><strong>35% de descuento <\/strong>para empresas o instituciones que inscriban 3 o m\u00e1s estudiantes (orden de compra)<strong>.<\/strong><\/li>\n<li><strong>30% de descuento <\/strong>para empresas o instituciones que inscriban 2 estudiantes (orden de compra)<strong>.<\/strong><\/li>\n<li><strong>25% de descuento <\/strong>para profesionales que trabajen empresas que pertenecen a asociaciones que tengan convenio con el Centro de Energ\u00eda<strong> (ACERA, ACENOR, ACADES).<\/strong><\/li>\n<\/ul>\n[\/vc_column_text][\/vc_column_inner][vc_column_inner width=&#8221;1\/3&#8243;][vc_column_text]\n<h2 style=\"text-align: justify;\"><span style=\"color: #199ef7;\"><strong><span style=\"font-family: 'Open Sans';\">Formas de pago<\/span><\/strong><\/span><\/h2>\n<ul>\n<li>Pago al contado o con tarjeta de cr\u00e9dito en 3 o 6 cuotas precio contado.<\/li>\n<li>Orden de compra para alumnos inscritos por empresas.<\/li>\n<\/ul>\n[\/vc_column_text][\/vc_column_inner][vc_column_inner width=&#8221;1\/3&#8243;][vc_column_text]\n<h2 style=\"text-align: justify;\"><span style=\"color: #199ef7;\"><strong><span style=\"font-family: 'Open Sans';\">Inscripciones<\/span><\/strong><\/span><\/h2>\n<p>Para inscribirse, complete el<strong><a href=\"https:\/\/docs.google.com\/forms\/d\/12CdnjR4-sRwlN8oIWeYZuyehNMhx9Rpy73adPU7Py8o\/viewform?ts=660d4e1f&amp;edit_requested=true\" target=\"_blank\" rel=\"noopener\"> formulario del siguiente link<\/a>.<\/strong><\/p>\n<ul>\n<li><strong>Consultas a<\/strong>\u00a0<a href=\"mailto:formacion@centroenergia.cl\">formacion@centroenergia.cl<\/a><\/li>\n<li><strong>Consulte por versiones cerradas para empresas e instituciones.<\/strong><\/li>\n<\/ul>\n[\/vc_column_text][\/vc_column_inner][\/vc_row_inner][vc_empty_space][\/vc_column][\/vc_row]","protected":false},"excerpt":{"rendered":"<p>[vc_row full_width=&#8221;stretch_row&#8221; css=&#8221;.vc_custom_1712767341840{margin-bottom: -40px !important;background-image: url(https:\/\/centroenergia.cl\/wp-content\/uploads\/2024\/04\/header_almacena.jpg?id=7049) !important;}&#8221;][vc_column][vc_empty_space height=&#8221;100px&#8221;][vc_row_inner][vc_column_inner][vc_empty_space height=&#8221;60px&#8221;][vc_column_text css=&#8221;.vc_custom_1712767362904{margin-top: -30px !important;}&#8221;] Almacenamiento de energ\u00eda [\/vc_column_text][\/vc_column_inner][\/vc_row_inner][vc_empty_space height=&#8221;60px&#8221;][vc_empty_space height=&#8221;60px&#8221;][\/vc_column][\/vc_row][vc_row full_width=&#8221;stretch_row&#8221; css=&#8221;.vc_custom_1705443981697{background-color: #dd3333 !important;}&#8221;][vc_column][vc_column_text css=&#8221;.vc_custom_1729801583522{margin-top: -20px !important;}&#8221;] CURSO ONLINE | NOVIEMBRE 2024 [\/vc_column_text][vc_empty_space height=&#8221;15px&#8221;][\/vc_column][\/vc_row][vc_row gap=&#8221;30&#8243;][vc_column][vc_row_inner gap=&#8221;30&#8243;][vc_column_inner width=&#8221;1\/2&#8243;][vc_column_text] Descripci\u00f3n general El almacenamiento jugar\u00e1&hellip;<\/p>\n","protected":false},"author":7,"featured_media":7812,"parent":0,"menu_order":0,"comment_status":"closed","ping_status":"closed","template":"","meta":[],"_links":{"self":[{"href":"https:\/\/centroenergia.cl\/en\/wp-json\/wp\/v2\/pages\/7784"}],"collection":[{"href":"https:\/\/centroenergia.cl\/en\/wp-json\/wp\/v2\/pages"}],"about":[{"href":"https:\/\/centroenergia.cl\/en\/wp-json\/wp\/v2\/types\/page"}],"author":[{"embeddable":true,"href":"https:\/\/centroenergia.cl\/en\/wp-json\/wp\/v2\/users\/7"}],"replies":[{"embeddable":true,"href":"https:\/\/centroenergia.cl\/en\/wp-json\/wp\/v2\/comments?post=7784"}],"version-history":[{"count":19,"href":"https:\/\/centroenergia.cl\/en\/wp-json\/wp\/v2\/pages\/7784\/revisions"}],"predecessor-version":[{"id":7815,"href":"https:\/\/centroenergia.cl\/en\/wp-json\/wp\/v2\/pages\/7784\/revisions\/7815"}],"wp:featuredmedia":[{"embeddable":true,"href":"https:\/\/centroenergia.cl\/en\/wp-json\/wp\/v2\/media\/7812"}],"wp:attachment":[{"href":"https:\/\/centroenergia.cl\/en\/wp-json\/wp\/v2\/media?parent=7784"}],"curies":[{"name":"wp","href":"https:\/\/api.w.org\/{rel}","templated":true}]}}