{"id":852,"date":"2016-04-26T17:42:40","date_gmt":"2016-04-26T21:42:40","guid":{"rendered":"http:\/\/centroenergia.cl\/?page_id=852"},"modified":"2020-01-21T10:06:02","modified_gmt":"2020-01-21T14:06:02","slug":"vehiculo-esuscon","status":"publish","type":"page","link":"https:\/\/centroenergia.cl\/en\/proyectos\/seleccion-de-proyectos\/vehiculo-esuscon\/","title":{"rendered":"ESUSCON Vehicle"},"content":{"rendered":"[vc_row][vc_column width=&#8221;1\/2&#8243;][vc_single_image image=&#8221;721&#8243; style=&#8221;vc_box_rounded&#8221;][vcex_spacing size=&#8221;20px&#8221;][vc_message message_box_color=&#8221;warning&#8221; icon_fontawesome=&#8221;fa fa-check-square&#8221;]<strong><span style=\"font-size: 18px;\">Team<\/span><\/strong><\/p>\n<ul>\n<li>Guillermo Jim\u00e9nez &#8211; Director<\/li>\n<li>Patricio Mendoza \u2013 Coordinador de \u00e1rea<\/li>\n<li>Ignacio Polanco<\/li>\n<li>Fernando Lanas<\/li>\n<li>Jos\u00e9 Ascui<\/li>\n<li>Rene Rosatti<\/li>\n<li>Francisca Herrera<\/li>\n<\/ul>\n[\/vc_message][vc_message message_box_color=&#8221;alert-success&#8221; icon_fontawesome=&#8221;fa fa-check-square&#8221;]<span style=\"font-size: 18px;\"><strong>Lines Involved<\/strong><\/span><\/p>\n<p>Smart Grids.[\/vc_message][vc_video link=&#8221;https:\/\/www.youtube.com\/watch?v=hek-qJn7Otg&#8221;][\/vc_column][vc_column width=&#8221;1\/2&#8243;][vc_column_text]\n<p style=\"text-align: justify;\"><span style=\"font-size: 18px;\"><strong>Project Description<\/strong><\/span><\/p>\n<p style=\"text-align: justify;\">VESUSCON or Condor Sustainable Vehicle is a project focused on the design, construction, and implementation of an electric community utility vehicle with vehicle-to-grid (V2G) capacity. The objective of this tool is to promote economic productivity and reduce diesel use and dependence in the power generation and cargo transport industries, thus becoming a social contribution in rural and isolated areas in Chile. The community chosen for the implementation of this project is Huatacondo, in the region of Tarapac\u00e1, a town relying on a microgrid power generation system.<\/p>\n<p style=\"text-align: justify;\">This vehicle, which boasts a V2G capacity, allows its battery banks to exchange energy with the grid it is connected to. It has two operation modes: firstly, disconnected from the electric grid, carrying out traction works, cargo transport to farms, recollection of solid home waste, and cargo transport in the town; and secondly, it can be used while parked and connected to the grid. In this way, the community has access to services of charger balance, harmonic electricity filtering, and softening of voltage steps.<\/p>\n<p style=\"text-align: justify;\"><span style=\"font-size: 18px;\"><strong>Origin and Contributions<\/strong><\/span><\/p>\n<p style=\"text-align: justify;\">The Condor Sustainable Vehicle project started in 2010 as a complement to the first renewable energy-based smart microgrid in the region of Tarapac\u00e1. Currently, this project is undergoing construction and implementation phase, its main focus being functionality and user safety, as well as social promotion and strengthening for the project\u2019s appropriate administration and operation.<\/p>\n<p style=\"text-align: justify;\">This project was made possible thanks to the funds granted by CE-FCM of the Physics and Math Faculty at Universidad de Chile and Renewable Electricity Generation in South America, REGSA. It is also supported by SABIC Polymershapes and Compa\u00f1\u00eda Minera Do\u00f1a In\u00e9s de Collahuasi.<\/p>\n[\/vc_column_text][\/vc_column][\/vc_row]","protected":false},"excerpt":{"rendered":"<p>[vc_row][vc_column width=&#8221;1\/2&#8243;][vc_single_image image=&#8221;721&#8243; style=&#8221;vc_box_rounded&#8221;][vcex_spacing size=&#8221;20px&#8221;][vc_message message_box_color=&#8221;warning&#8221; icon_fontawesome=&#8221;fa fa-check-square&#8221;]Team Guillermo Jim\u00e9nez &#8211; Director Patricio Mendoza \u2013 Coordinador de \u00e1rea Ignacio Polanco Fernando Lanas Jos\u00e9 Ascui Rene Rosatti Francisca Herrera [\/vc_message][vc_message message_box_color=&#8221;alert-success&#8221; icon_fontawesome=&#8221;fa fa-check-square&#8221;]Lines Involved Smart Grids.[\/vc_message][vc_video link=&#8221;https:\/\/www.youtube.com\/watch?v=hek-qJn7Otg&#8221;][\/vc_column][vc_column width=&#8221;1\/2&#8243;][vc_column_text] Project Description VESUSCON&hellip;<\/p>\n","protected":false},"author":2,"featured_media":0,"parent":325,"menu_order":0,"comment_status":"closed","ping_status":"closed","template":"","meta":[],"_links":{"self":[{"href":"https:\/\/centroenergia.cl\/en\/wp-json\/wp\/v2\/pages\/852"}],"collection":[{"href":"https:\/\/centroenergia.cl\/en\/wp-json\/wp\/v2\/pages"}],"about":[{"href":"https:\/\/centroenergia.cl\/en\/wp-json\/wp\/v2\/types\/page"}],"author":[{"embeddable":true,"href":"https:\/\/centroenergia.cl\/en\/wp-json\/wp\/v2\/users\/2"}],"replies":[{"embeddable":true,"href":"https:\/\/centroenergia.cl\/en\/wp-json\/wp\/v2\/comments?post=852"}],"version-history":[{"count":8,"href":"https:\/\/centroenergia.cl\/en\/wp-json\/wp\/v2\/pages\/852\/revisions"}],"predecessor-version":[{"id":2076,"href":"https:\/\/centroenergia.cl\/en\/wp-json\/wp\/v2\/pages\/852\/revisions\/2076"}],"up":[{"embeddable":true,"href":"https:\/\/centroenergia.cl\/en\/wp-json\/wp\/v2\/pages\/325"}],"wp:attachment":[{"href":"https:\/\/centroenergia.cl\/en\/wp-json\/wp\/v2\/media?parent=852"}],"curies":[{"name":"wp","href":"https:\/\/api.w.org\/{rel}","templated":true}]}}