{"id":865,"date":"2016-04-26T18:14:02","date_gmt":"2016-04-26T22:14:02","guid":{"rendered":"http:\/\/centroenergia.cl\/?page_id=865"},"modified":"2020-05-25T12:28:09","modified_gmt":"2020-05-25T16:28:09","slug":"archivo-de-proyectos","status":"publish","type":"page","link":"https:\/\/centroenergia.cl\/en\/proyectos\/archivo-de-proyectos\/","title":{"rendered":"Projects Repository"},"content":{"rendered":"<p>Desde 2009, cuando fue creado, el Centro de Energ\u00eda de la Facultad de Ciencias F\u00edsicas y Matem\u00e1ticas<br \/>\nde la Universidad de Chile ha tenido la misi\u00f3n de crear y liderar soluciones de investigaci\u00f3n y desarrollo (I+D) en energ\u00eda de car\u00e1cter interdisciplinario, colaborativo, innovador e inclusivo, que aseguren un desarrollo sostenible.<\/p>\n<p>En ese esp\u00edritu, el Centro de Energ\u00eda ha desarrollado m\u00e1s de 180 proyectos de investigaci\u00f3n cient\u00edfica, innovaci\u00f3n y transferencia tecnol\u00f3gica.<\/p>\n<p>El listado est\u00e1 disponible en el siguiente link: <a href=\"https:\/\/docs.google.com\/spreadsheets\/d\/1y7JQx1OjgBDXLKn99Lvs869aVSxSxwB5stgPWlX2fB8\/edit?usp=sharing\">listado de proyectos<\/a> <\/p>","protected":false},"excerpt":{"rendered":"<p>Desde 2009, cuando fue creado, el Centro de Energ\u00eda de la Facultad de Ciencias F\u00edsicas y Matem\u00e1ticas de la Universidad de Chile ha tenido la misi\u00f3n de crear y liderar soluciones de investigaci\u00f3n y desarrollo (I+D) en energ\u00eda de car\u00e1cter&hellip;<\/p>\n","protected":false},"author":2,"featured_media":0,"parent":863,"menu_order":0,"comment_status":"closed","ping_status":"closed","template":"templates\/page-archivos.php","meta":[],"_links":{"self":[{"href":"https:\/\/centroenergia.cl\/en\/wp-json\/wp\/v2\/pages\/865"}],"collection":[{"href":"https:\/\/centroenergia.cl\/en\/wp-json\/wp\/v2\/pages"}],"about":[{"href":"https:\/\/centroenergia.cl\/en\/wp-json\/wp\/v2\/types\/page"}],"author":[{"embeddable":true,"href":"https:\/\/centroenergia.cl\/en\/wp-json\/wp\/v2\/users\/2"}],"replies":[{"embeddable":true,"href":"https:\/\/centroenergia.cl\/en\/wp-json\/wp\/v2\/comments?post=865"}],"version-history":[{"count":33,"href":"https:\/\/centroenergia.cl\/en\/wp-json\/wp\/v2\/pages\/865\/revisions"}],"predecessor-version":[{"id":4087,"href":"https:\/\/centroenergia.cl\/en\/wp-json\/wp\/v2\/pages\/865\/revisions\/4087"}],"up":[{"embeddable":true,"href":"https:\/\/centroenergia.cl\/en\/wp-json\/wp\/v2\/pages\/863"}],"wp:attachment":[{"href":"https:\/\/centroenergia.cl\/en\/wp-json\/wp\/v2\/media?parent=865"}],"curies":[{"name":"wp","href":"https:\/\/api.w.org\/{rel}","templated":true}]}}