{"id":966,"date":"2016-05-13T16:02:47","date_gmt":"2016-05-13T20:02:47","guid":{"rendered":"http:\/\/centroenergia.cl\/?page_id=966"},"modified":"2020-01-21T09:59:48","modified_gmt":"2020-01-21T13:59:48","slug":"deepedit","status":"publish","type":"page","link":"https:\/\/centroenergia.cl\/en\/proyectos\/seleccion-de-proyectos\/deepedit\/","title":{"rendered":"Software DeepEdit"},"content":{"rendered":"[vc_row][vc_column width=&#8221;1\/2&#8243;][vc_single_image image=&#8221;960&#8243; style=&#8221;vc_box_rounded&#8221;][vcex_spacing size=&#8221;20px&#8221;][vc_message message_box_color=&#8221;warning&#8221; icon_fontawesome=&#8221;fa fa-check-square&#8221;]<span style=\"font-size: 18px;\"><strong>Equipo<\/strong><\/span><\/p>\n<ul>\n<li>Frank Lea\u00f1ez G.<\/li>\n<li>Rodrigo Palma B.<\/li>\n<\/ul>\n[\/vc_message][vc_message message_box_color=&#8221;alert-success&#8221; icon_fontawesome=&#8221;fa fa-check-square&#8221;]<strong><span style=\"font-size: 18px;\">L\u00edneas del Centro de Energ\u00eda Involucradas:<\/span><\/strong><\/p>\n<ul>\n<li>An\u00e1lisis de Sistemas de Energ\u00eda.<\/li>\n<\/ul>\n[\/vc_message][vcex_button url=&#8221;http:\/\/centroenergia.cl\/wp-content\/uploads\/2016\/05\/deepedit.pdf&#8221; title=&#8221;Descargar Brochure DeepEdit&#8221; target=&#8221;blank&#8221; layout=&#8221;expanded&#8221; size=&#8221;medium&#8221; color=&#8221;red&#8221; icon_left=&#8221;fa fa-file-pdf-o&#8221;]Descargar Brochure DeepEdit[\/vcex_button][vcex_spacing size=&#8221;10px&#8221;][vcex_button css_animation=&#8221;left-to-right&#8221; url=&#8221;https:\/\/bitbucket.org\/deepedit\/depack\/wiki\/Home&#8221; title=&#8221;Descargar DeepEdit&#8221; target=&#8221;blank&#8221; layout=&#8221;expanded&#8221; size=&#8221;medium&#8221; color=&#8221;blue&#8221; icon_left=&#8221;fa fa-arrow-down&#8221;]Descargar DeepEdit V3.4.0[\/vcex_button][\/vc_column][vc_column width=&#8221;1\/2&#8243;][vc_column_text]\n<p style=\"text-align: justify;\"><strong><span style=\"font-size: 18px;\">Descripci\u00f3n del Proyecto<\/span><\/strong><\/p>\n<p><strong>Plataforma orientada para la toma de decisiones en mercados el\u00e9ctricos competitivos<\/strong><\/p>\n<p style=\"text-align: justify;\">Los nuevos desaf\u00edos para el sector el\u00e9ctrico, requieren como base de desarrollo, una herramienta que permita describir, para el caso chileno, las distintas componentes del sector el\u00e9ctrico, sin desacoplar los aspectos t\u00e9cnicos de los econ\u00f3micos. De esta forma se facilita la creaci\u00f3n de herramientas para la toma de decisiones en ambientes competitivos. Se propone una descripci\u00f3n del sector el\u00e9ctrico haciendo uso de la programaci\u00f3n orientada al objeto, dando lugar a una plataforma computacional gen\u00e9rica denominado DeepEdit. Sus caracter\u00edsticas principales son:<\/p>\n<ul>\n<li>Uso de programaci\u00f3n orientada al objeto, la que ofrece una alternativa eficiente para el desarrollo de una base de datos orientada al objeto y herramientas de an\u00e1lisis, dise\u00f1o y programaci\u00f3n, con las que es posible abordar el nuevo grado de complejidad en el modelamiento de un sistema el\u00e9ctrico de potencia.<\/li>\n<\/ul>\n<ul>\n<li>El modelo orientado al objeto desarrollado ha sido implementado como un sistema distribuido, basado en una arquitectura de tipo cliente-servidor. Esto facilita su incorporaci\u00f3n a tecnolog\u00eda Internet y crear una estructura modular f\u00e1cil de ampliar y mantener.<\/li>\n<\/ul>\n<ul>\n<li>El sistema ha sido programado en lenguaje de programaci\u00f3n Java, obteni\u00e9ndose una implementaci\u00f3n natural de tecnolog\u00eda Internet e independencia de plataforma.<\/li>\n<\/ul>\n<p><strong><span style=\"font-size: 18px;\">Origen y aportes:<\/span><\/strong><\/p>\n<p style=\"text-align: justify;\">El Deep-Editor surge como un proyecto acad\u00e9mico destinado a la ense\u00f1anza y desarrollo cooperativo, parte integral de la propuesta gen\u00e9rica de modelaci\u00f3n mediante programaci\u00f3n orientada a objetos en la tesis de doctorado del Profesor Rodrigo Palma Behnke.<\/p>\n<p style=\"text-align: justify;\">El desarrollo de este trabajo ha contado con la cooperaci\u00f3n del Centro de Energ\u00eda de la Facultad de Ciencias F\u00edsicas y Matem\u00e1ticas, el Centro de Modelamiento Matem\u00e1tico y el Departamento de Ingenier\u00eda El\u00e9ctrica de la Universidad de Chile. Asimismo ha sumado aportes de los proyectos FONDECYT 1000866 y 1020801.<\/p>\n<p>\u00a0[\/vc_column_text][\/vc_column][\/vc_row]","protected":false},"excerpt":{"rendered":"<p>[vc_row][vc_column width=&#8221;1\/2&#8243;][vc_single_image image=&#8221;960&#8243; style=&#8221;vc_box_rounded&#8221;][vcex_spacing size=&#8221;20px&#8221;][vc_message message_box_color=&#8221;warning&#8221; icon_fontawesome=&#8221;fa fa-check-square&#8221;]Equipo Frank Lea\u00f1ez G. Rodrigo Palma B. [\/vc_message][vc_message message_box_color=&#8221;alert-success&#8221; icon_fontawesome=&#8221;fa fa-check-square&#8221;]L\u00edneas del Centro de Energ\u00eda Involucradas: An\u00e1lisis de Sistemas de Energ\u00eda. [\/vc_message][vcex_button url=&#8221;http:\/\/centroenergia.cl\/wp-content\/uploads\/2016\/05\/deepedit.pdf&#8221; title=&#8221;Descargar Brochure DeepEdit&#8221; target=&#8221;blank&#8221; layout=&#8221;expanded&#8221; size=&#8221;medium&#8221; color=&#8221;red&#8221; icon_left=&#8221;fa fa-file-pdf-o&#8221;]Descargar Brochure&hellip;<\/p>\n","protected":false},"author":2,"featured_media":0,"parent":325,"menu_order":0,"comment_status":"closed","ping_status":"closed","template":"","meta":[],"_links":{"self":[{"href":"https:\/\/centroenergia.cl\/en\/wp-json\/wp\/v2\/pages\/966"}],"collection":[{"href":"https:\/\/centroenergia.cl\/en\/wp-json\/wp\/v2\/pages"}],"about":[{"href":"https:\/\/centroenergia.cl\/en\/wp-json\/wp\/v2\/types\/page"}],"author":[{"embeddable":true,"href":"https:\/\/centroenergia.cl\/en\/wp-json\/wp\/v2\/users\/2"}],"replies":[{"embeddable":true,"href":"https:\/\/centroenergia.cl\/en\/wp-json\/wp\/v2\/comments?post=966"}],"version-history":[{"count":12,"href":"https:\/\/centroenergia.cl\/en\/wp-json\/wp\/v2\/pages\/966\/revisions"}],"predecessor-version":[{"id":2069,"href":"https:\/\/centroenergia.cl\/en\/wp-json\/wp\/v2\/pages\/966\/revisions\/2069"}],"up":[{"embeddable":true,"href":"https:\/\/centroenergia.cl\/en\/wp-json\/wp\/v2\/pages\/325"}],"wp:attachment":[{"href":"https:\/\/centroenergia.cl\/en\/wp-json\/wp\/v2\/media?parent=966"}],"curies":[{"name":"wp","href":"https:\/\/api.w.org\/{rel}","templated":true}]}}